{"id":1871,"date":"2019-07-31T10:50:51","date_gmt":"2019-07-31T08:50:51","guid":{"rendered":"http:\/\/translinkmaster.local\/?page_id=1871"},"modified":"2024-03-05T13:21:48","modified_gmt":"2024-03-05T12:21:48","slug":"datatrans","status":"publish","type":"page","link":"https:\/\/translinkmaster.com\/index.php\/datatrans\/","title":{"rendered":"DataTrans"},"content":{"rendered":"<ul>\n<li><a href=\"https:\/\/translinkmaster.com\/index.php\/dislog\/\"> DISLOG<br \/>\n<\/a><\/li>\n<li><a href=\"https:\/\/translinkmaster.com\/index.php\/orders-2\/\"> ORDERS<br \/>\n<\/a><\/li>\n<li><a href=\"https:\/\/translinkmaster.com\/index.php\/scp-personel\/\"> SCP PERSONEL<br \/>\n<\/a><\/li>\n<li><a href=\"https:\/\/translinkmaster.com\/index.php\/scp-tabor\/\"> SCP TABOR<br \/>\n<\/a><\/li>\n<li><a href=\"https:\/\/translinkmaster.com\/index.php\/datatrans\/\"> DATATRANS<br \/>\n<\/a><\/li>\n<li><a href=\"https:\/\/translinkmaster.com\/index.php\/calcuoil\/\"> CALCUOIL<br \/>\n<\/a><\/li>\n<li><a href=\"https:\/\/translinkmaster.com\/index.php\/ekspedycja\"> EKSPEDYCJA<br \/>\n<\/a><\/li>\n<\/ul>\n<p style=\"margin-right: 0px; margin-bottom: 10px; margin-left: 0px; color: #444444; font-family: 'Open Sans', sans-serif; font-size: 13px; background-color: #ffffff; text-align: justify;\"><strong style=\"margin-bottom: 0px;\">O aplikacji\u2026<\/strong><\/p>\n<p style=\"margin-right: 0px; margin-bottom: 10px; margin-left: 0px; color: #444444; font-family: 'Open Sans', sans-serif; font-size: 13px; background-color: #ffffff; text-align: justify;\">Efektywne narz\u0119dzie zarz\u0105dzania procesem przewozowym oraz usprawnienie procesu planowania i rozliczania pracy przewozowej. Automatyzacja rozlicze\u0144 parametr\u00f3w pracy przewozowej, ograniczenie czasoch\u0142onno\u015bci operacji i ryzyka b\u0142\u0119d\u00f3w. Bie\u017c\u0105ce monitorowanie realizacji zada\u0144 i operacyjne zarz\u0105dzanie danymi w oparciu o aktualne dost\u0119pno\u015bci zasob\u00f3w. Przygotowywanie raport\u00f3w i statystyk dla sprawozdawczo\u015bci UTK i GUS oraz dla wewn\u0119trznych potrzeb, wsp\u00f3\u0142praca z innymi systemami w ramach TransLink Master. Ewidencja wszelkich parametr\u00f3w pacy przewozowej (np.: pockm, brutto i netto tonokilometry, brutto netto przewiezionych towar\u00f3w, z ka\u017cdej bran\u017cy).<\/p>\n<p style=\"margin-right: 0px; margin-bottom: 10px; margin-left: 0px; color: #444444; font-family: 'Open Sans', sans-serif; font-size: 13px; background-color: #ffffff; text-align: justify;\">Generowanie analiz, raport\u00f3w materia\u0142\u00f3w s\u0142u\u017c\u0105cych do rozlicze\u0144 wewn\u0105trz organizacji, jak i z podmiotami zewn\u0119trznymi takimi jak PKP PLK SA. Aplikacja mo\u017ce by\u0107 sk\u0142adow\u0105 system\u00f3w kalkulacyjnych, niezb\u0119dna jako narz\u0119dzie kom\u00f3rek kontrolingowych i planistycznych. W realiach us\u0142ug kolejowych \u015bwiadczonych przez wiele niezale\u017cnych podmiot\u00f3w, z wydzielonymi obszarami obs\u0142ugiwanymi przez odr\u0119bnych w\u0142a\u015bcicieli infrastruktury, sp\u00f3\u0142ki kolejowe dysponuj\u0105ce w\u0142asnymi lub dzier\u017cawionymi elementami taboru, w obliczu r\u00f3\u017cnorodno\u015bci us\u0142ug i op\u0142at, krajowych i zagranicznych wymog\u00f3w technicznych i prawnych \u2013 wiarygodne i aktualne ewidencje nabieraj\u0105 nowego znaczenia. Aplikacja dzia\u0142a niezale\u017cnie lub w po\u0142\u0105czeniu z innymi aplikacjami TransLink Master.<\/p>\n<p style=\"margin-right: 0px; margin-bottom: 10px; margin-left: 0px; color: #444444; font-family: 'Open Sans', sans-serif; font-size: 13px; background-color: #ffffff;\"><strong style=\"margin-bottom: 0px;\">Problemy do rozwi\u0105zania:<\/strong><\/p>\n<p style=\"margin-right: 0px; margin-bottom: 10px; margin-left: 0px; color: #444444; font-family: 'Open Sans', sans-serif; font-size: 13px; background-color: #ffffff;\">&#8211; Efektywne zarz\u0105dzanie procesem przewozu przesy\u0142ek,<br \/>\n&#8211; Brak nowoczesnych narz\u0119dzi dyspozytorskich,<br \/>\n&#8211; Brak mo\u017cliwo\u015bci \u015bledzenia przesy\u0142ki przez nadawc\u00f3w i odbiorc\u00f3w przesy\u0142ek,<br \/>\n&#8211; Brak mo\u017cliwo\u015bci \u015bledzenia i kontrolowania procesu przewozowego,<br \/>\n&#8211; Konieczno\u015b\u0107 monitorowania przesy\u0142ek.<\/p>\n<p style=\"margin-right: 0px; margin-bottom: 10px; margin-left: 0px; color: #444444; font-family: 'Open Sans', sans-serif; font-size: 13px; background-color: #ffffff;\"><strong style=\"margin-bottom: 0px;\">Funkcjonalno\u015bci:<\/strong><\/p>\n<p style=\"margin-right: 0px; margin-bottom: 10px; margin-left: 0px; color: #444444; font-family: 'Open Sans', sans-serif; font-size: 13px; background-color: #ffffff;\">&#8211; Usprawnienie procesu planowania i rozliczania pracy przewozowej,<br \/>\n&#8211; Automatyzacja rozlicze\u0144 parametr\u00f3w pracy przewozowej,<br \/>\n&#8211; Ograniczenie czasoch\u0142onno\u015bci operacji i ryzyka b\u0142\u0119d\u00f3w,<br \/>\n&#8211; Bie\u017c\u0105ce monitorowanie realizacji zada\u0144 i operacyjne zarz\u0105dzanie danymi w oparciu o aktualne dost\u0119pno\u015bci zasob\u00f3w,<br \/>\n&#8211; Przygotowywanie raport\u00f3w i statystyk dla sprawozdawczo\u015bci UTK i GUS oraz dla wewn\u0119trznych potrzeb.<\/p>\n<p style=\"margin-right: 0px; margin-bottom: 10px; margin-left: 0px; color: #444444; font-family: 'Open Sans', sans-serif; font-size: 13px; background-color: #ffffff;\"><strong style=\"margin-bottom: 0px;\"><br style=\"margin-bottom: 0px;\" \/>Korzy\u015bci:<\/strong><\/p>\n<p style=\"margin-right: 0px; margin-bottom: 10px; margin-left: 0px; color: #444444; font-family: 'Open Sans', sans-serif; font-size: 13px; background-color: #ffffff;\">&#8211; Wsparcie pracy os\u00f3b zarz\u0105dzaj\u0105cych efektywno\u015bci\u0105 wydajno\u015bci zasob\u00f3w,<br \/>\n&#8211; Automatyczna kontrola proces\u00f3w,<br \/>\n&#8211; \u0141atwe, efektywne i precyzyjne zarz\u0105dzanie posiadanymi zasobami,<br \/>\n&#8211; Nowoczesne narz\u0119dzie kontrolingowe,<br \/>\n&#8211; Podniesienie jako\u015bci \u015bwiadczonych us\u0142ug.fektywno\u015bci wykorzystania posiadanych zasob\u00f3w,<br \/>\n&#8211; Podniesienie jako\u015bci \u015bwiadczonych us\u0142ug.<\/p>\n","protected":false},"excerpt":{"rendered":"<p>DISLOG ORDERS SCP PERSONEL SCP TABOR DATATRANS CALCUOIL EKSPEDYCJA O aplikacji\u2026 Efektywne narz\u0119dzie zarz\u0105dzania procesem przewozowym oraz usprawnienie procesu planowania i rozliczania pracy przewozowej. Automatyzacja rozlicze\u0144 parametr\u00f3w pracy przewozowej, ograniczenie czasoch\u0142onno\u015bci operacji i ryzyka b\u0142\u0119d\u00f3w. Bie\u017c\u0105ce monitorowanie realizacji zada\u0144 i operacyjne zarz\u0105dzanie danymi w oparciu o aktualne dost\u0119pno\u015bci zasob\u00f3w. Przygotowywanie raport\u00f3w i statystyk dla sprawozdawczo\u015bci &hellip; <\/p>\n","protected":false},"author":9,"featured_media":0,"parent":0,"menu_order":0,"comment_status":"closed","ping_status":"closed","template":"","meta":{"_exactmetrics_skip_tracking":false,"_exactmetrics_sitenote_active":false,"_exactmetrics_sitenote_note":"","_exactmetrics_sitenote_category":0,"footnotes":"","_links_to":"","_links_to_target":""},"class_list":["post-1871","page","type-page","status-publish","hentry","latest_post","no_image"],"_links":{"self":[{"href":"https:\/\/translinkmaster.com\/index.php\/wp-json\/wp\/v2\/pages\/1871","targetHints":{"allow":["GET"]}}],"collection":[{"href":"https:\/\/translinkmaster.com\/index.php\/wp-json\/wp\/v2\/pages"}],"about":[{"href":"https:\/\/translinkmaster.com\/index.php\/wp-json\/wp\/v2\/types\/page"}],"author":[{"embeddable":true,"href":"https:\/\/translinkmaster.com\/index.php\/wp-json\/wp\/v2\/users\/9"}],"replies":[{"embeddable":true,"href":"https:\/\/translinkmaster.com\/index.php\/wp-json\/wp\/v2\/comments?post=1871"}],"version-history":[{"count":7,"href":"https:\/\/translinkmaster.com\/index.php\/wp-json\/wp\/v2\/pages\/1871\/revisions"}],"predecessor-version":[{"id":2482,"href":"https:\/\/translinkmaster.com\/index.php\/wp-json\/wp\/v2\/pages\/1871\/revisions\/2482"}],"wp:attachment":[{"href":"https:\/\/translinkmaster.com\/index.php\/wp-json\/wp\/v2\/media?parent=1871"}],"curies":[{"name":"wp","href":"https:\/\/api.w.org\/{rel}","templated":true}]}}