{"id":1845,"date":"2019-07-31T10:07:00","date_gmt":"2019-07-31T08:07:00","guid":{"rendered":"http:\/\/translinkmaster.local\/?page_id=1845"},"modified":"2024-03-05T13:18:28","modified_gmt":"2024-03-05T12:18:28","slug":"e-doctrans","status":"publish","type":"page","link":"https:\/\/translinkmaster.com\/index.php\/e-doctrans\/","title":{"rendered":"e-DocTrans"},"content":{"rendered":"<ul>\n<li><a href=\"http:\/\/translinkmaster.com\/index.php\/e-sms\/\"> E-SMS<br \/>\n<\/a><\/li>\n<li><a href=\"http:\/\/translinkmaster.com\/index.php\/e-dsu\/\"> E-DSU<br \/>\n<\/a><\/li>\n<li><a href=\"http:\/\/translinkmaster.com\/index.php\/e-ecm\/\"> E-ECM<br \/>\n<\/a><\/li>\n<li><a href=\"http:\/\/translinkmaster.com\/index.php\/e-iris\/\"> E-IRIS<br \/>\n<\/a><\/li>\n<li><a href=\"http:\/\/translinkmaster.com\/index.php\/e-doctrans\/\"> E-DOCTRANS<br \/>\n<\/a><\/li>\n<li><a href=\"http:\/\/translinkmaster.com\/index.php\/e-regulamin\/\"> E-REGULAMIN<br \/>\n<\/a><\/li>\n<\/ul>\n<p style=\"margin-right: 0px; margin-bottom: 10px; margin-left: 0px; color: #444444; font-family: 'Open Sans', sans-serif; font-size: 13px; background-color: #ffffff; text-align: justify;\"><strong style=\"margin-bottom: 0px;\">O aplikacji\u2026<\/strong><\/p>\n<p style=\"margin-right: 0px; margin-bottom: 10px; margin-left: 0px; color: #444444; font-family: 'Open Sans', sans-serif; font-size: 13px; background-color: #ffffff; text-align: justify;\">Kompleksowe narz\u0119dzie zarz\u0105dzania obiegiem dokumentacj\u0105 przewozowa, ze szczeg\u00f3lnym uwzgl\u0119dnieniem list\u00f3w przewozowych, dedykowane przedsi\u0119biorstwom wykonuj\u0105cym przewozy kolejowe. Wspomaga sporz\u0105dzanie, obieg, walidacj\u0119, udost\u0119pnianie, aktualizowanie i kontrol\u0119 list\u00f3w przewozowych; u\u0142atwia ich rejestrowanie, sprawdzanie i rozliczanie. Efektywne zarz\u0105dzanie powiadomieniami, potwierdzeniami i dost\u0119pem do list\u00f3w przewozowych. Kompletna realizacja elektronicznych obieg\u00f3w tych dokument\u00f3w. Zarz\u0105dzanie dokumentami przewozowymi, dynamiczna struktura bazy danych, elektroniczny obieg dokument\u00f3w, prowadzenie kalendarzy przewozowych, raporty proces\u00f3w przewozowych, analiza i raportowanie danych niezb\u0119dnych do rozlicze\u0144 us\u0142ug przewozowych. Bezpieczny dost\u0119p, zarz\u0105dzanie prawami i rolami, publikacja wybranych dokument\u00f3w w ramach intranetu. Aplikacja sprzyja skr\u00f3ceniu czasu rejestrowania, sprawdzania i rozliczania dokument\u00f3w.<\/p>\n<p style=\"margin-right: 0px; margin-bottom: 10px; margin-left: 0px; color: #444444; font-family: 'Open Sans', sans-serif; font-size: 13px; background-color: #ffffff; text-align: justify;\">Wykorzystuje nowoczesne narz\u0119dzia komunikacji i interakcji z systemem pracy grupowej, zwi\u0119ksza efektywno\u015b\u0107 wsp\u00f3\u0142pracy odpowiednich u\u017cytkownik\u00f3w systemu. Rozbudowana struktura praw dost\u0119pu zapewnia u\u017cytkownikom systemu dost\u0119p wy\u0142\u0105cznie precyzyjnie zdefiniowanej grupie pracownik\u00f3w. Realizuje wymogi, standardy i postulaty odpowiednich procedur, zapewniaj\u0105c wysoki komfort u\u017cytkowania systemu poprzez IBM Lotus Notes oraz przegl\u0105darki. Wykorzystuj\u0105c mechanizm replikacji danych zapewnia mo\u017cliwo\u015b\u0107 pracy z system w trybie offline. W ramach jednolitego zasobu u\u0142atwia przechowywanie i archiwizowanie dokument\u00f3w ca\u0142ej organizacji. W znacznym stopniu eliminuje tradycyjne metody pracy z przedmiotow\u0105 dokumentacj\u0105. Aplikacja dzia\u0142a niezale\u017cnie lub w po\u0142\u0105czeniu z innymi aplikacjami TransLink Master.<\/p>\n<p style=\"margin-right: 0px; margin-bottom: 10px; margin-left: 0px; color: #444444; font-family: 'Open Sans', sans-serif; font-size: 13px; background-color: #ffffff;\"><strong style=\"margin-bottom: 0px;\">Funkcjonalno\u015bci:<\/strong><\/p>\n<p style=\"margin-right: 0px; margin-bottom: 10px; margin-left: 0px; color: #444444; font-family: 'Open Sans', sans-serif; font-size: 13px; background-color: #ffffff;\">&#8211; Kompleksowe narz\u0119dzie zarz\u0105dzania dokumentacj\u0105 przewozow\u0105,<br \/>\n&#8211; Wspomaga opracowywanie, obieg, walidacj\u0119, udost\u0119pnianie, aktualizowanie i kontrol\u0119 list\u00f3w przewozowych,<br \/>\n&#8211; Efektywne zarz\u0105dzanie powiadomieniami, potwierdzeniami i dost\u0119pem do list\u00f3w przewozowych,<br \/>\n&#8211; Kompletna realizacja elektronicznych obieg\u00f3w tych dokument\u00f3w.<\/p>\n<p style=\"margin-right: 0px; margin-bottom: 10px; margin-left: 0px; color: #444444; font-family: 'Open Sans', sans-serif; font-size: 13px; background-color: #ffffff;\"><strong style=\"margin-bottom: 0px;\">Korzy\u015bci:<\/strong><\/p>\n<p style=\"margin-right: 0px; margin-bottom: 10px; margin-left: 0px; color: #444444; font-family: 'Open Sans', sans-serif; font-size: 13px; background-color: #ffffff;\">&#8211; Elektroniczny obieg dokument\u00f3w przewozowych,<br \/>\n&#8211; Szybko\u015b\u0107 generowania dokument\u00f3w,<br \/>\n&#8211; \u0141atwe i precyzyjne zarz\u0105dzanie zleconymi zadaniami przewozowymi,<br \/>\n&#8211; Efektywne wykorzystanie posiadanych zasob\u00f3w,<br \/>\n&#8211; Podniesienie jako\u015bci \u015bwiadczonych us\u0142ug.<\/p>\n","protected":false},"excerpt":{"rendered":"<p>E-SMS E-DSU E-ECM E-IRIS E-DOCTRANS E-REGULAMIN O aplikacji\u2026 Kompleksowe narz\u0119dzie zarz\u0105dzania obiegiem dokumentacj\u0105 przewozowa, ze szczeg\u00f3lnym uwzgl\u0119dnieniem list\u00f3w przewozowych, dedykowane przedsi\u0119biorstwom wykonuj\u0105cym przewozy kolejowe. Wspomaga sporz\u0105dzanie, obieg, walidacj\u0119, udost\u0119pnianie, aktualizowanie i kontrol\u0119 list\u00f3w przewozowych; u\u0142atwia ich rejestrowanie, sprawdzanie i rozliczanie. Efektywne zarz\u0105dzanie powiadomieniami, potwierdzeniami i dost\u0119pem do list\u00f3w przewozowych. Kompletna realizacja elektronicznych obieg\u00f3w tych dokument\u00f3w. &hellip; <\/p>\n","protected":false},"author":9,"featured_media":0,"parent":0,"menu_order":0,"comment_status":"closed","ping_status":"closed","template":"","meta":{"_exactmetrics_skip_tracking":false,"_exactmetrics_sitenote_active":false,"_exactmetrics_sitenote_note":"","_exactmetrics_sitenote_category":0,"footnotes":"","_links_to":"","_links_to_target":""},"class_list":["post-1845","page","type-page","status-publish","hentry","latest_post","no_image"],"_links":{"self":[{"href":"https:\/\/translinkmaster.com\/index.php\/wp-json\/wp\/v2\/pages\/1845","targetHints":{"allow":["GET"]}}],"collection":[{"href":"https:\/\/translinkmaster.com\/index.php\/wp-json\/wp\/v2\/pages"}],"about":[{"href":"https:\/\/translinkmaster.com\/index.php\/wp-json\/wp\/v2\/types\/page"}],"author":[{"embeddable":true,"href":"https:\/\/translinkmaster.com\/index.php\/wp-json\/wp\/v2\/users\/9"}],"replies":[{"embeddable":true,"href":"https:\/\/translinkmaster.com\/index.php\/wp-json\/wp\/v2\/comments?post=1845"}],"version-history":[{"count":5,"href":"https:\/\/translinkmaster.com\/index.php\/wp-json\/wp\/v2\/pages\/1845\/revisions"}],"predecessor-version":[{"id":2477,"href":"https:\/\/translinkmaster.com\/index.php\/wp-json\/wp\/v2\/pages\/1845\/revisions\/2477"}],"wp:attachment":[{"href":"https:\/\/translinkmaster.com\/index.php\/wp-json\/wp\/v2\/media?parent=1845"}],"curies":[{"name":"wp","href":"https:\/\/api.w.org\/{rel}","templated":true}]}}