{"id":1844,"date":"2019-07-31T10:06:17","date_gmt":"2019-07-31T08:06:17","guid":{"rendered":"http:\/\/translinkmaster.local\/?page_id=1844"},"modified":"2024-03-05T13:20:17","modified_gmt":"2024-03-05T12:20:17","slug":"e-iris","status":"publish","type":"page","link":"https:\/\/translinkmaster.com\/index.php\/e-iris\/","title":{"rendered":"e-IRIS"},"content":{"rendered":"<ul>\n<li><a href=\"http:\/\/translinkmaster.com\/index.php\/e-sms\/\"> E-SMS<br \/>\n<\/a><\/li>\n<li><a href=\"http:\/\/translinkmaster.com\/index.php\/e-dsu\/\"> E-DSU<br \/>\n<\/a><\/li>\n<li><a href=\"http:\/\/translinkmaster.com\/index.php\/e-ecm\/\"> E-ECM<br \/>\n<\/a><\/li>\n<li><a href=\"http:\/\/translinkmaster.com\/index.php\/e-iris\/\"> E-IRIS<br \/>\n<\/a><\/li>\n<li><a href=\"http:\/\/translinkmaster.com\/index.php\/e-doctrans\/\"> E-DOCTRANS<br \/>\n<\/a><\/li>\n<li><a href=\"http:\/\/translinkmaster.com\/index.php\/e-regulamin\/\"> E-REGULAMIN<br \/>\n<\/a><\/li>\n<\/ul>\n<p style=\"margin-right: 0px; margin-bottom: 10px; margin-left: 0px; color: #444444; font-family: 'Open Sans', sans-serif; font-size: 13px; background-color: #ffffff; text-align: justify;\"><strong style=\"margin-bottom: 0px;\">O aplikacji\u2026<\/strong><\/p>\n<p style=\"margin-right: 0px; margin-bottom: 10px; margin-left: 0px; color: #444444; font-family: 'Open Sans', sans-serif; font-size: 13px; background-color: #ffffff; text-align: justify;\">Kompleksowe narz\u0119dzie zarz\u0105dzania dokumentacj\u0105 IRIS. Wspomaga opracowywanie, obieg, walidacj\u0119, udost\u0119pnianie, aktualizowanie i kontrol\u0119 dokument\u00f3w IRIS, u\u0142atwia ich rejestrowanie, sprawdzanie i opiniowanie. Efektywne zarz\u0105dzanie powiadomieniami, potwierdzeniami i dost\u0119pem do dokument\u00f3w, formularzy i instrukcji. Kompletna realizacja elektronicznych obieg\u00f3w dokument\u00f3w zwi\u0105zanych z wymogami systemu IRIS. Dynamiczna struktura bazy danych, elektroniczny obieg dokument\u00f3w, tworzenie, opiniowanie, realizacja oraz kontrola dzia\u0142a\u0144 koryguj\u0105cych, prowadzenie kalendarzy dzia\u0142a\u0144, raporty z ich przeprowadzenia, analiza i synteza niezgodno\u015bci. Sterowanie publikacj\u0105 danych poprzez terminy oraz akceptacje, wersjonowanie dokument\u00f3w roboczych, repozytorium dokument\u00f3w archiwalnych. Bezpieczny dost\u0119p, zarz\u0105dzanie prawami i rolami, publikacja wybranych dokument\u00f3w w ramach intranetu. Umo\u017cliwia skr\u00f3cenie czasu rejestrowania, sprawdzania i opiniowania dokument\u00f3w zwi\u0105zanych z systemem. Wykorzystuje nowoczesne narz\u0119dzia komunikacji i interakcji z systemem pracy grupowej, zwi\u0119ksza efektywno\u015b\u0107 wsp\u00f3\u0142pracy odpowiednich u\u017cytkownik\u00f3w systemu. Rozbudowana struktura praw dost\u0119pu zapewnia u\u017cytkownikom systemu dost\u0119p wy\u0142\u0105cznie do odpowiednich dokument\u00f3w. Realizuje wymogi, standardy i postulaty odpowiednich procedur, zapewniaj\u0105c wysoki komfort u\u017cytkowania systemu poprzez IBM Lotus Notes oraz przegl\u0105darki. Wykorzystuj\u0105c mechanizm replikacji danych zapewnia mo\u017cliwo\u015b\u0107 pracy z system w trybie offline. W ramach jednolitego zasobu u\u0142atwia przechowywanie i archiwizowanie dokument\u00f3w ca\u0142ej organizacji, umo\u017cliwia wsp\u00f3\u0142dzielenie dokument\u00f3w i podzia\u0142 pracy zgodnie z rolami u\u017cytkownik\u00f3w. W znacznym stopniu eliminuje tradycyjne metody pracy z przedmiotow\u0105 dokumentacj\u0105. Aplikacja dzia\u0142a niezale\u017cnie lub w po\u0142\u0105czeniu z innymi aplikacjami TransLink Master.<\/p>\n<p style=\"margin-right: 0px; margin-bottom: 10px; margin-left: 0px; color: #444444; font-family: 'Open Sans', sans-serif; font-size: 13px; background-color: #ffffff;\"><strong style=\"margin-bottom: 0px;\">Problemy do rozwi\u0105zania:<\/strong><\/p>\n<p style=\"margin-right: 0px; margin-bottom: 10px; margin-left: 0px; color: #444444; font-family: 'Open Sans', sans-serif; font-size: 13px; background-color: #ffffff;\">&#8211; Potrzeba efektywnego zarz\u0105dzania zasobami oraz ewidencji czynno\u015bci eksploatacyjnych,<br \/>\n&#8211; Konieczno\u015b\u0107 optymalizacji proces\u00f3w utrzymaniowych,<br \/>\n&#8211; Konieczno\u015b\u0107 dok\u0142adnego planowania proces\u00f3w,<br \/>\n&#8211; Brak narz\u0119dzi do kontrolowania wa\u017cno\u015bci dokument\u00f3w,<br \/>\n&#8211; Spe\u0142nienie wymog\u00f3w prawnych w aspekcie IRIS.<\/p>\n<p style=\"margin-right: 0px; margin-bottom: 10px; margin-left: 0px; color: #444444; font-family: 'Open Sans', sans-serif; font-size: 13px; background-color: #ffffff;\"><strong style=\"margin-bottom: 0px;\">Funkcjonalno\u015bci:<\/strong><\/p>\n<p style=\"margin-right: 0px; margin-bottom: 10px; margin-left: 0px; color: #444444; font-family: 'Open Sans', sans-serif; font-size: 13px; background-color: #ffffff;\">&#8211; Dynamiczna struktura bazy danych, elektroniczny obieg dokument\u00f3w,<br \/>\n&#8211; Tworzenie, opiniowanie, realizacja oraz kontrola dzia\u0142a\u0144 koryguj\u0105cych,<br \/>\n&#8211; Prowadzenie kalendarzy proces\u00f3w,<br \/>\n&#8211; Raporty ze zrealizowanych proces\u00f3w.<\/p>\n<p style=\"margin-right: 0px; margin-bottom: 10px; margin-left: 0px; color: #444444; font-family: 'Open Sans', sans-serif; font-size: 13px; background-color: #ffffff;\"><strong style=\"margin-bottom: 0px;\">Korzy\u015bci:<\/strong><\/p>\n<p style=\"margin-right: 0px; margin-bottom: 10px; margin-left: 0px; color: #444444; font-family: 'Open Sans', sans-serif; font-size: 13px; background-color: #ffffff;\">&#8211; Efektywne zarz\u0105dzanie powiadomieniami, potwierdzeniami i dost\u0119pem do proces\u00f3w, formularzy i instrukcji,<br \/>\n&#8211; Kompletna realizacja elektronicznych obieg\u00f3w dokument\u00f3w zwi\u0105zanych z wymogami systemu IRIS,<br \/>\n&#8211; Kompleksowe narz\u0119dzie zarz\u0105dzania dokumentacj\u0105 IRIS,<br \/>\n&#8211; Poprawa efektywno\u015bci wykorzystania posiadanych zasob\u00f3w,<br \/>\n&#8211; Spe\u0142nienie wymog\u00f3w prawnych.<\/p>\n","protected":false},"excerpt":{"rendered":"<p>E-SMS E-DSU E-ECM E-IRIS E-DOCTRANS E-REGULAMIN O aplikacji\u2026 Kompleksowe narz\u0119dzie zarz\u0105dzania dokumentacj\u0105 IRIS. Wspomaga opracowywanie, obieg, walidacj\u0119, udost\u0119pnianie, aktualizowanie i kontrol\u0119 dokument\u00f3w IRIS, u\u0142atwia ich rejestrowanie, sprawdzanie i opiniowanie. Efektywne zarz\u0105dzanie powiadomieniami, potwierdzeniami i dost\u0119pem do dokument\u00f3w, formularzy i instrukcji. Kompletna realizacja elektronicznych obieg\u00f3w dokument\u00f3w zwi\u0105zanych z wymogami systemu IRIS. Dynamiczna struktura bazy danych, elektroniczny &hellip; <\/p>\n","protected":false},"author":9,"featured_media":0,"parent":0,"menu_order":0,"comment_status":"closed","ping_status":"closed","template":"","meta":{"_exactmetrics_skip_tracking":false,"_exactmetrics_sitenote_active":false,"_exactmetrics_sitenote_note":"","_exactmetrics_sitenote_category":0,"footnotes":"","_links_to":"","_links_to_target":""},"class_list":["post-1844","page","type-page","status-publish","hentry","latest_post","no_image"],"_links":{"self":[{"href":"https:\/\/translinkmaster.com\/index.php\/wp-json\/wp\/v2\/pages\/1844","targetHints":{"allow":["GET"]}}],"collection":[{"href":"https:\/\/translinkmaster.com\/index.php\/wp-json\/wp\/v2\/pages"}],"about":[{"href":"https:\/\/translinkmaster.com\/index.php\/wp-json\/wp\/v2\/types\/page"}],"author":[{"embeddable":true,"href":"https:\/\/translinkmaster.com\/index.php\/wp-json\/wp\/v2\/users\/9"}],"replies":[{"embeddable":true,"href":"https:\/\/translinkmaster.com\/index.php\/wp-json\/wp\/v2\/comments?post=1844"}],"version-history":[{"count":5,"href":"https:\/\/translinkmaster.com\/index.php\/wp-json\/wp\/v2\/pages\/1844\/revisions"}],"predecessor-version":[{"id":2481,"href":"https:\/\/translinkmaster.com\/index.php\/wp-json\/wp\/v2\/pages\/1844\/revisions\/2481"}],"wp:attachment":[{"href":"https:\/\/translinkmaster.com\/index.php\/wp-json\/wp\/v2\/media?parent=1844"}],"curies":[{"name":"wp","href":"https:\/\/api.w.org\/{rel}","templated":true}]}}