{"id":1841,"date":"2019-07-31T10:02:28","date_gmt":"2019-07-31T08:02:28","guid":{"rendered":"http:\/\/translinkmaster.local\/?page_id=1841"},"modified":"2024-03-05T13:23:05","modified_gmt":"2024-03-05T12:23:05","slug":"e-sms","status":"publish","type":"page","link":"https:\/\/translinkmaster.com\/index.php\/e-sms\/","title":{"rendered":"e-SMS"},"content":{"rendered":"<ul>\n<li><a href=\"http:\/\/translinkmaster.com\/index.php\/e-sms\/\"> E-SMS<br \/>\n<\/a><\/li>\n<li><a href=\"http:\/\/translinkmaster.com\/index.php\/e-dsu\/\"> E-DSU<br \/>\n<\/a><\/li>\n<li><a href=\"http:\/\/translinkmaster.com\/index.php\/e-ecm\/\"> E-ECM<br \/>\n<\/a><\/li>\n<li><a href=\"http:\/\/translinkmaster.com\/index.php\/e-iris\/\"> E-IRIS<br \/>\n<\/a><\/li>\n<li><a href=\"http:\/\/translinkmaster.com\/index.php\/e-doctrans\/\"> E-DOCTRANS<br \/>\n<\/a><\/li>\n<li><a href=\"http:\/\/translinkmaster.com\/index.php\/e-regulamin\/\"> E-REGULAMIN<br \/>\n<\/a><\/li>\n<\/ul>\n<p style=\"margin-right: 0px; margin-bottom: 10px; margin-left: 0px; color: #444444; font-family: 'Open Sans', sans-serif; font-size: 13px; background-color: #ffffff; text-align: justify;\"><strong style=\"margin-bottom: 0px;\">O aplikacji\u2026<\/strong><\/p>\n<p style=\"margin-right: 0px; margin-bottom: 10px; margin-left: 0px; color: #444444; font-family: 'Open Sans', sans-serif; font-size: 13px; background-color: #ffffff; text-align: justify;\">Kompleksowe narz\u0119dzie zarz\u0105dzania dokumentacj\u0105 Systemu Zarz\u0105dzania Bezpiecze\u0144stwem (SMS) w ruchu kolejowym. Wspomaga opracowywanie, obieg, walidacj\u0119, udost\u0119pnianie, aktualizacj\u0119 i kontrol\u0119 dokument\u00f3w SMS, u\u0142atwia ich rejestrowanie, sprawdzanie i opiniowanie. Efektywne zarz\u0105dzanie powiadomieniami, potwierdzeniami i dost\u0119pem do procedur, formularzy i instrukcji. Kompletna realizacja elektronicznych obieg\u00f3w dokument\u00f3w, zwi\u0105zanych z wymogami systemu SMS. Dynamiczna struktura bazy danych, elektroniczny obieg dokument\u00f3w, tworzenie, opiniowanie, realizacja oraz kontrola dzia\u0142a\u0144 koryguj\u0105cych, prowadzenie kalendarzy audyt\u00f3w, raporty z przegl\u0105d\u00f3w, analiza i synteza niezgodno\u015bci. Sterowanie publikacj\u0105 danych poprzez terminy oraz akceptacje, wersjonowanie dokument\u00f3w roboczych, repozytorium dokument\u00f3w archiwalnych. Bezpieczny dost\u0119p, zarz\u0105dzanie prawami i rolami, publikacja wybranych dokument\u00f3w w ramach intranetu. W ramach sp\u00f3jnego i wygodnego \u015brodowiska pracy grupowej, znacznie skraca czas wymagany na rejestrowanie, sprawdzanie i opiniowanie dokument\u00f3w. Zatwierdzone dokumenty rozsy\u0142ane s\u0105 elektronicznie do zainteresowanych, rejestry prowadzone dla ka\u017cdego dokumentu przechowuj\u0105 informacje o ich przejrzeniu i zmianach. System obs\u0142uguje planowe i nieplanowe audyty oraz ewidencjonuje stwierdzone niezgodno\u015bci, monitoruje dzia\u0142ania naprawcze. Aplikacja dzia\u0142a samodzielnie lub jako element pakietu TransLink Master. Eksperckie opracowanie merytorycznie gwarantuje pe\u0142ne odniesienie do wymog\u00f3w bran\u017cy kolejowej. Mo\u017cliwe zastosowanie w bran\u017cach pokrewnych lub podobnych procesowo. Mo\u017cliwo\u015b\u0107 implementacji dla jednej organizacji lub w firmach konsultingowych obs\u0142uguj\u0105cych zewn\u0119trznych zleceniodawc\u00f3w.<\/p>\n<p style=\"margin-right: 0px; margin-bottom: 10px; margin-left: 0px; color: #444444; font-family: 'Open Sans', sans-serif; font-size: 13px; background-color: #ffffff;\"><strong style=\"margin-bottom: 0px;\">Funkcjonalno\u015bci:<\/strong><\/p>\n<p style=\"margin-right: 0px; margin-bottom: 10px; margin-left: 0px; color: #444444; font-family: 'Open Sans', sans-serif; font-size: 13px; background-color: #ffffff;\">&#8211; Kompleksowe narz\u0119dzie zarz\u0105dzania dokumentacj\u0105 Systemu Zarz\u0105dzania Bezpiecze\u0144stwem (SMS)<br \/>\nw ruchu kolejowym,<br \/>\n&#8211; Wspomaga opracowywanie, obieg, walidacj\u0119, udost\u0119pnianie, aktualizowanie i kontrol\u0119 dokument\u00f3w SMS,<br \/>\n&#8211; U\u0142atwienie rejestrowanie, sprawdzanie i opiniowanie dokumentacji,<br \/>\n&#8211; Efektywne zarz\u0105dzanie powiadomieniami, potwierdzeniami i dost\u0119pem do procedur, formularzy i instrukcji,<br \/>\n&#8211; Repozytorium dokument\u00f3w archiwalnych<br \/>\n&#8211; Kompletna realizacja elektronicznych obieg\u00f3w dokument\u00f3w zwi\u0105zanych z wymogami systemu SMS.<\/p>\n<p style=\"margin-right: 0px; margin-bottom: 10px; margin-left: 0px; color: #444444; font-family: 'Open Sans', sans-serif; font-size: 13px; background-color: #ffffff;\"><strong style=\"margin-bottom: 0px;\">Korzy\u015bci:<\/strong><\/p>\n<p style=\"margin-right: 0px; margin-bottom: 10px; margin-left: 0px; color: #444444; font-family: 'Open Sans', sans-serif; font-size: 13px; background-color: #ffffff;\">&#8211; Efektywne zarz\u0105dzanie powiadomieniami, potwierdzeniami i dost\u0119pem do proces\u00f3w, formularzy i instrukcji,<br \/>\n&#8211; Kompletna realizacja elektronicznych obieg\u00f3w dokument\u00f3w zwi\u0105zanych z wymogami systemu SMS,<br \/>\n&#8211; Kompleksowe narz\u0119dzie zarz\u0105dzania dokumentacj\u0105 SMS,<br \/>\n&#8211; Poprawa efektywno\u015bci wykorzystania posiadanych zasob\u00f3w,<br \/>\n&#8211; Spe\u0142nienie wymog\u00f3w prawnych.<\/p>\n<p style=\"margin-right: 0px; margin-bottom: 10px; margin-left: 0px; color: #444444; font-family: 'Open Sans', sans-serif; font-size: 13px; background-color: #ffffff;\">\n","protected":false},"excerpt":{"rendered":"<p>E-SMS E-DSU E-ECM E-IRIS E-DOCTRANS E-REGULAMIN O aplikacji\u2026 Kompleksowe narz\u0119dzie zarz\u0105dzania dokumentacj\u0105 Systemu Zarz\u0105dzania Bezpiecze\u0144stwem (SMS) w ruchu kolejowym. Wspomaga opracowywanie, obieg, walidacj\u0119, udost\u0119pnianie, aktualizacj\u0119 i kontrol\u0119 dokument\u00f3w SMS, u\u0142atwia ich rejestrowanie, sprawdzanie i opiniowanie. Efektywne zarz\u0105dzanie powiadomieniami, potwierdzeniami i dost\u0119pem do procedur, formularzy i instrukcji. Kompletna realizacja elektronicznych obieg\u00f3w dokument\u00f3w, zwi\u0105zanych z wymogami systemu &hellip; <\/p>\n","protected":false},"author":9,"featured_media":0,"parent":0,"menu_order":0,"comment_status":"closed","ping_status":"closed","template":"","meta":{"_exactmetrics_skip_tracking":false,"_exactmetrics_sitenote_active":false,"_exactmetrics_sitenote_note":"","_exactmetrics_sitenote_category":0,"footnotes":"","_links_to":"","_links_to_target":""},"class_list":["post-1841","page","type-page","status-publish","hentry","latest_post","no_image"],"_links":{"self":[{"href":"https:\/\/translinkmaster.com\/index.php\/wp-json\/wp\/v2\/pages\/1841","targetHints":{"allow":["GET"]}}],"collection":[{"href":"https:\/\/translinkmaster.com\/index.php\/wp-json\/wp\/v2\/pages"}],"about":[{"href":"https:\/\/translinkmaster.com\/index.php\/wp-json\/wp\/v2\/types\/page"}],"author":[{"embeddable":true,"href":"https:\/\/translinkmaster.com\/index.php\/wp-json\/wp\/v2\/users\/9"}],"replies":[{"embeddable":true,"href":"https:\/\/translinkmaster.com\/index.php\/wp-json\/wp\/v2\/comments?post=1841"}],"version-history":[{"count":5,"href":"https:\/\/translinkmaster.com\/index.php\/wp-json\/wp\/v2\/pages\/1841\/revisions"}],"predecessor-version":[{"id":2484,"href":"https:\/\/translinkmaster.com\/index.php\/wp-json\/wp\/v2\/pages\/1841\/revisions\/2484"}],"wp:attachment":[{"href":"https:\/\/translinkmaster.com\/index.php\/wp-json\/wp\/v2\/media?parent=1841"}],"curies":[{"name":"wp","href":"https:\/\/api.w.org\/{rel}","templated":true}]}}