{"id":1813,"date":"2019-07-30T14:04:06","date_gmt":"2019-07-30T12:04:06","guid":{"rendered":"http:\/\/translinkmaster.local\/?page_id=1813"},"modified":"2024-03-05T13:34:52","modified_gmt":"2024-03-05T12:34:52","slug":"hrman","status":"publish","type":"page","link":"https:\/\/translinkmaster.com\/index.php\/hrman\/","title":{"rendered":"TransLink Master HRMan"},"content":{"rendered":"<ul>\n<li><a href=\"http:\/\/translinkmaster.com\/index.php\/hrman\/\"> HRMAN<br \/>\n<\/a><\/li>\n<li><a href=\"http:\/\/translinkmaster.com\/index.php\/locman\/\"> LOCMAN<br \/>\n<\/a><\/li>\n<li><a href=\"http:\/\/translinkmaster.com\/index.php\/wagman\/\"> WAGMAN<br \/>\n<\/a><\/li>\n<\/ul>\n<h2 style=\"margin-top: 20px; font-family: 'Open Sans', sans-serif; line-height: 26px; color: #fa8700; margin-bottom: 20px; font-size: 24px; background-color: #ffffff; padding-top: 10px !important;\">TransLink Master HRMan<\/h2>\n<p><strong style=\"color: #444444; font-family: 'Open Sans', sans-serif; font-size: 13px; text-align: justify; margin-bottom: 0px;\">O aplikacji\u2026<\/strong><\/p>\n<p style=\"margin-right: 0px; margin-bottom: 10px; margin-left: 0px; color: #444444; font-family: 'Open Sans', sans-serif; font-size: 13px; background-color: #ffffff; text-align: justify;\">Automatyzacja pracy dzia\u0142u kadrowo\u2013p\u0142acowego, centralne zarz\u0105dzanie danymi obecnych b\u0105d\u017a potencjalnych pracownik\u00f3w oraz os\u00f3b wsp\u00f3\u0142pracuj\u0105cych. Organizowanie oraz monitoring bada\u0144 lekarskich i szkole\u0144 pracownik\u00f3w. Obs\u0142uga dokument\u00f3w w dowolnych formatach danych, usprawnienie komunikacji wewn\u0105trz zespo\u0142\u00f3w, kojarzenie zdarze\u0144. Wspomaga Manager\u00f3w HR w zadaniach planowania zasob\u00f3w ludzkich, oceny kompetencji i wynik\u00f3w pracy, awans\u00f3w i przeniesienia, definiowania stanowiska pracy oraz planowania i realizacji rekrutacji.<\/p>\n<p style=\"margin-right: 0px; margin-bottom: 10px; margin-left: 0px; color: #444444; font-family: 'Open Sans', sans-serif; font-size: 13px; background-color: #ffffff; text-align: justify;\">Aplikacja umo\u017cliwia kompleksow\u0105 obs\u0142ug\u0119 w zakresie prowadzenia ewidencji pracownik\u00f3w, kartotek pracowniczych, zarz\u0105dzanie i kontrol\u0119 \u015bcie\u017cek kariery, mo\u017cliwo\u015b\u0107 oceny okresowej pracownik\u00f3w, ewidencji wyposa\u017cenia, posiadanych umiej\u0119tno\u015bci oraz szkole\u0144. W spos\u00f3b wizualny lub mailowy informuje o wyga\u015bni\u0119ciu kwalifikacji, bada\u0144, zezwole\u0144 wymagaj\u0105cych okresowego uzupe\u0142nienia. Umo\u017cliwia prowadzenie bazy wyk\u0142adowc\u00f3w, a poprzez sortowanie w prosty spos\u00f3b pozwala odszuka\u0107 interesuj\u0105c\u0105 nas osob\u0119 o okre\u015blonych kwalifikacjach i wyznaczy\u0107 j\u0105 do konkretnego zadania. Gromadzone dane mog\u0105 s\u0142u\u017cy\u0107 do szybkiego kojarzenia kwalifikacji z konkretnym zapotrzebowaniem na stanowisko. Rozwi\u0105zanie ma standardowo wbudowany modu\u0142 obiegu i gromadzenia dokumentacji w formie elektronicznej. Linki do dokument\u00f3w umo\u017cliwiaj\u0105 jego podgl\u0105d lub wydruk. Aplikacja dzia\u0142a samodzielnie lub jako element pakietu TransLink Master.<\/p>\n<p style=\"margin-right: 0px; margin-bottom: 10px; margin-left: 0px; color: #444444; font-family: 'Open Sans', sans-serif; font-size: 13px; background-color: #ffffff;\"><strong style=\"margin-bottom: 0px;\">Funkcjonalno\u015bci:<\/strong><\/p>\n<p style=\"margin-right: 0px; margin-bottom: 10px; margin-left: 0px; color: #444444; font-family: 'Open Sans', sans-serif; font-size: 13px; background-color: #ffffff;\"><img decoding=\"async\" style=\"border-width: 0px; border-style: initial; vertical-align: middle;\" src=\"http:\/\/portal.translinkmaster.com\/wp-content\/uploads\/2016\/08\/krop-tlm.png\" alt=\"krop-tlm\" width=\"12\" height=\"12\" \/>\u00a0Automatyzacja pracy dzia\u0142u kadrowo\u2013p\u0142acowego,<br \/>\n<img decoding=\"async\" style=\"border-width: 0px; border-style: initial; vertical-align: middle;\" src=\"http:\/\/portal.translinkmaster.com\/wp-content\/uploads\/2016\/08\/krop-tlm.png\" alt=\"krop-tlm\" width=\"12\" height=\"12\" \/>\u00a0Centralne zarz\u0105dzanie danymi obecnych b\u0105d\u017a potencjalnych pracownik\u00f3w oraz os\u00f3b wsp\u00f3\u0142pracuj\u0105cych,<br \/>\n<img decoding=\"async\" style=\"border-width: 0px; border-style: initial; vertical-align: middle;\" src=\"http:\/\/portal.translinkmaster.com\/wp-content\/uploads\/2016\/08\/krop-tlm.png\" alt=\"krop-tlm\" width=\"12\" height=\"12\" \/>\u00a0Zarz\u0105dzanie projektami w ramach akcji rekrutacyjnych i szkoleniowych,<br \/>\n<img decoding=\"async\" style=\"border-width: 0px; border-style: initial; vertical-align: middle;\" src=\"http:\/\/portal.translinkmaster.com\/wp-content\/uploads\/2016\/08\/krop-tlm.png\" alt=\"krop-tlm\" width=\"12\" height=\"12\" \/>\u00a0Chronologiczne i historyczne \u015bledzenie procesu realizacji spraw,<br \/>\n<img decoding=\"async\" style=\"border-width: 0px; border-style: initial; vertical-align: middle;\" src=\"http:\/\/portal.translinkmaster.com\/wp-content\/uploads\/2016\/08\/krop-tlm.png\" alt=\"krop-tlm\" width=\"12\" height=\"12\" \/>\u00a0Obs\u0142uga dokument\u00f3w w dowolnych formatach danych,<br \/>\n<img decoding=\"async\" style=\"border-width: 0px; border-style: initial; vertical-align: middle; margin-bottom: 0px;\" src=\"http:\/\/portal.translinkmaster.com\/wp-content\/uploads\/2016\/08\/krop-tlm.png\" alt=\"krop-tlm\" width=\"12\" height=\"12\" \/>\u00a0Usprawnienie komunikacji wewn\u0105trz zespo\u0142\u00f3w, kojarzenie zdarze\u0144.<\/p>\n<p style=\"margin-right: 0px; margin-bottom: 10px; margin-left: 0px; color: #444444; font-family: 'Open Sans', sans-serif; font-size: 13px; background-color: #ffffff;\"><strong style=\"margin-bottom: 0px;\">Korzy\u015bci:<\/strong><\/p>\n<p style=\"margin-right: 0px; margin-bottom: 10px; margin-left: 0px; color: #444444; font-family: 'Open Sans', sans-serif; font-size: 13px; background-color: #ffffff;\"><img decoding=\"async\" style=\"border-width: 0px; border-style: initial; vertical-align: middle;\" src=\"http:\/\/portal.translinkmaster.com\/wp-content\/uploads\/2016\/08\/krop-tlm.png\" alt=\"krop-tlm\" width=\"12\" height=\"12\" \/>\u00a0\u0141atwy dost\u0119p do zasob\u00f3w dokumentacji HR,<br \/>\n<img decoding=\"async\" style=\"border-width: 0px; border-style: initial; vertical-align: middle;\" src=\"http:\/\/portal.translinkmaster.com\/wp-content\/uploads\/2016\/08\/krop-tlm.png\" alt=\"krop-tlm\" width=\"12\" height=\"12\" \/>\u00a0Alertowanie termin\u00f3w bada\u0144 i egzamin\u00f3w,<br \/>\n<img decoding=\"async\" style=\"border-width: 0px; border-style: initial; vertical-align: middle;\" src=\"http:\/\/portal.translinkmaster.com\/wp-content\/uploads\/2016\/08\/krop-tlm.png\" alt=\"krop-tlm\" width=\"12\" height=\"12\" \/>\u00a0Digitalizacja i obieg dokument\u00f3w pracowniczych,<br \/>\n<img decoding=\"async\" style=\"border-width: 0px; border-style: initial; vertical-align: middle;\" src=\"http:\/\/portal.translinkmaster.com\/wp-content\/uploads\/2016\/08\/krop-tlm.png\" alt=\"krop-tlm\" width=\"12\" height=\"12\" \/>\u00a0Podniesienie poziomu bezpiecze\u0144stwa,<br \/>\n<img decoding=\"async\" style=\"border-width: 0px; border-style: initial; vertical-align: middle; margin-bottom: 0px;\" src=\"http:\/\/portal.translinkmaster.com\/wp-content\/uploads\/2016\/08\/krop-tlm.png\" alt=\"krop-tlm\" width=\"12\" height=\"12\" \/>\u00a0Archiwizacja i obieg dokument\u00f3w.<\/p>\n<p style=\"margin-right: 0px; margin-bottom: 10px; margin-left: 0px; color: #444444; font-family: 'Open Sans', sans-serif; font-size: 13px; background-color: #ffffff;\">\n","protected":false},"excerpt":{"rendered":"<p>HRMAN LOCMAN WAGMAN TransLink Master HRMan O aplikacji\u2026 Automatyzacja pracy dzia\u0142u kadrowo\u2013p\u0142acowego, centralne zarz\u0105dzanie danymi obecnych b\u0105d\u017a potencjalnych pracownik\u00f3w oraz os\u00f3b wsp\u00f3\u0142pracuj\u0105cych. Organizowanie oraz monitoring bada\u0144 lekarskich i szkole\u0144 pracownik\u00f3w. Obs\u0142uga dokument\u00f3w w dowolnych formatach danych, usprawnienie komunikacji wewn\u0105trz zespo\u0142\u00f3w, kojarzenie zdarze\u0144. Wspomaga Manager\u00f3w HR w zadaniach planowania zasob\u00f3w ludzkich, oceny kompetencji i wynik\u00f3w pracy, &hellip; <\/p>\n","protected":false},"author":9,"featured_media":0,"parent":0,"menu_order":0,"comment_status":"closed","ping_status":"closed","template":"","meta":{"_exactmetrics_skip_tracking":false,"_exactmetrics_sitenote_active":false,"_exactmetrics_sitenote_note":"","_exactmetrics_sitenote_category":0,"footnotes":"","_links_to":"","_links_to_target":""},"class_list":["post-1813","page","type-page","status-publish","hentry","latest_post","no_image"],"_links":{"self":[{"href":"https:\/\/translinkmaster.com\/index.php\/wp-json\/wp\/v2\/pages\/1813","targetHints":{"allow":["GET"]}}],"collection":[{"href":"https:\/\/translinkmaster.com\/index.php\/wp-json\/wp\/v2\/pages"}],"about":[{"href":"https:\/\/translinkmaster.com\/index.php\/wp-json\/wp\/v2\/types\/page"}],"author":[{"embeddable":true,"href":"https:\/\/translinkmaster.com\/index.php\/wp-json\/wp\/v2\/users\/9"}],"replies":[{"embeddable":true,"href":"https:\/\/translinkmaster.com\/index.php\/wp-json\/wp\/v2\/comments?post=1813"}],"version-history":[{"count":7,"href":"https:\/\/translinkmaster.com\/index.php\/wp-json\/wp\/v2\/pages\/1813\/revisions"}],"predecessor-version":[{"id":2496,"href":"https:\/\/translinkmaster.com\/index.php\/wp-json\/wp\/v2\/pages\/1813\/revisions\/2496"}],"wp:attachment":[{"href":"https:\/\/translinkmaster.com\/index.php\/wp-json\/wp\/v2\/media?parent=1813"}],"curies":[{"name":"wp","href":"https:\/\/api.w.org\/{rel}","templated":true}]}}