{"id":1750,"date":"2019-07-18T08:45:02","date_gmt":"2019-07-18T06:45:02","guid":{"rendered":"http:\/\/translinkmaster.local\/?page_id=1750"},"modified":"2024-03-05T10:42:54","modified_gmt":"2024-03-05T09:42:54","slug":"zarzadzanie-zasobami","status":"publish","type":"page","link":"https:\/\/translinkmaster.com\/index.php\/zarzadzanie-zasobami\/","title":{"rendered":"Zarz\u0105dzanie zasobami"},"content":{"rendered":"<ul>\n<li >\n\t\t\t\t\t<a href=\"http:\/\/translinkmaster.com\/index.php\/hrman\/\">\t\t\t\t\tHRMAN<br \/>\n\t\t\t\t\t\t\t\t\t\t\t<\/a>\n\t\t\t\t\t\t\t\t\t<\/li>\n<li >\n\t\t\t\t\t<a href=\"http:\/\/translinkmaster.com\/index.php\/locman\/\">\t\t\t\t\tLOCMAN<br \/>\n\t\t\t\t\t\t\t\t\t\t\t<\/a>\n\t\t\t\t\t\t\t\t\t<\/li>\n<li >\n\t\t\t\t\t<a href=\"http:\/\/translinkmaster.com\/index.php\/wagman\/\">\t\t\t\t\tWAGMAN<br \/>\n\t\t\t\t\t\t\t\t\t\t\t<\/a>\n\t\t\t\t\t\t\t\t\t<\/li>\n<\/ul>\n<p>Rozwi\u0105zania&nbsp;<strong>Enterprise Asset Management (EAM)<\/strong>, s\u0142u\u017c\u0105ce zarz\u0105dzaniu zasobami i us\u0142ugami, umo\u017cliwiaj\u0105 ka\u017cdej organizacji optymalne wykorzystania inwestycji w \u015brodowisko informatyczne oraz ci\u0105g\u0142e doskonalenie efektywno\u015bci dzia\u0142ania organizacji. Dzi\u0119ki zastosowaniu rozwi\u0105za\u0144 EAM mo\u017cliwy jest dost\u0119p do wszystkich istotnych proces\u00f3w funkcjonuj\u0105cych w organizacji oraz ca\u0142o\u015bciowe zarz\u0105dzanie wszystkimi zasobami przedsi\u0119biorstwa.<br \/>Zapraszamy do rozwa\u017cenia zarz\u0105dzania zasobami (np.: personelem, taborem kolejowym) w dogodnym dla Pa\u0144stwa podej\u015bciu i zakresie. Dzi\u0119ki dedykowanym dla bran\u017cy kolejowej aplikacjom&nbsp;<strong>TransLink Master<\/strong>&nbsp;zainicjowanie tego procesu jest bardzo proste i mo\u017cliwe jest praktycznie \u201eod r\u0119ki\u201d w ka\u017cdej organizacji. Nasze produkty w dziedzinie EAM to narz\u0119dzia informatyczne o intuicyjnym interfejsie, zapewniaj\u0105ce wysokie standardy w newralgicznej dziedzinie funkcjonowania ka\u017cdego przedsi\u0119biorstwa transportowego.<\/p>\n<p><\/p>\n<p>&nbsp;<strong>W ramach tej palety produkt\u00f3w oferujemy nast\u0119puj\u0105ce aplikacje:<\/strong><\/p>\n<ul>\n<li><strong>TransLinki Master HRMan<\/strong>&nbsp;\u2013 aktywne i precyzyjne zarz\u0105dzanie kadrami, w szczeg\u00f3lno\u015bci zwi\u0105zanymi z bezpiecze\u0144stwem np. ruchu kolejowego,<\/li>\n<li><strong>TransLinki Master LocMan<\/strong>&nbsp;\u2013 aktywne i precyzyjne zarz\u0105dzanie parkiem kolejowych pojazd\u00f3w trakcyjnych, ci\u0105gnik\u00f3w siod\u0142owych, samochod\u00f3w,<\/li>\n<li><strong>TransLinki Master WagMan<\/strong>&nbsp;\u2013 aktywne i precyzyjne zarz\u0105dzanie parkiem wagon\u00f3w, naczep, przyczep, kontener\u00f3w.<\/li>\n<\/ul>\n<p><\/p>\n<p>Wymienione aplikacje nie wyczerpuj\u0105 mo\u017cliwo\u015bci wsparcia informatycznego proces\u00f3w zarz\u0105dzania dokumentacj\u0105. Ka\u017cda z powy\u017cszych aplikacji posiada cechy pozwalaj\u0105ce na wszechstronne dostosowanie ich funkcjonalno\u015bci do indywidualnych potrzeb ka\u017cdego Klienta. Ponadto, opr\u00f3cz tradycyjnych urz\u0105dze\u0144 czyli komputer\u00f3w osobistych, czy laptop\u00f3w, aplikacje mog\u0105 by\u0107 u\u017cywane na urz\u0105dzeniach mobilnych takich, jak: telefony kom\u00f3rkowe, smartfony, czy tablety.<\/p><\/p>\n","protected":false},"excerpt":{"rendered":"<p>HRMAN LOCMAN WAGMAN Rozwi\u0105zania&nbsp;Enterprise Asset Management (EAM), s\u0142u\u017c\u0105ce zarz\u0105dzaniu zasobami i us\u0142ugami, umo\u017cliwiaj\u0105 ka\u017cdej organizacji optymalne wykorzystania inwestycji w \u015brodowisko informatyczne oraz ci\u0105g\u0142e doskonalenie efektywno\u015bci dzia\u0142ania organizacji. Dzi\u0119ki zastosowaniu rozwi\u0105za\u0144 EAM mo\u017cliwy jest dost\u0119p do wszystkich istotnych proces\u00f3w funkcjonuj\u0105cych w organizacji oraz ca\u0142o\u015bciowe zarz\u0105dzanie wszystkimi zasobami przedsi\u0119biorstwa.Zapraszamy do rozwa\u017cenia zarz\u0105dzania zasobami (np.: personelem, taborem kolejowym) &hellip; <\/p>\n","protected":false},"author":8,"featured_media":0,"parent":0,"menu_order":0,"comment_status":"closed","ping_status":"closed","template":"","meta":{"_exactmetrics_skip_tracking":false,"_exactmetrics_sitenote_active":false,"_exactmetrics_sitenote_note":"","_exactmetrics_sitenote_category":0,"footnotes":"","_links_to":"","_links_to_target":""},"class_list":["post-1750","page","type-page","status-publish","hentry","latest_post","no_image"],"_links":{"self":[{"href":"https:\/\/translinkmaster.com\/index.php\/wp-json\/wp\/v2\/pages\/1750","targetHints":{"allow":["GET"]}}],"collection":[{"href":"https:\/\/translinkmaster.com\/index.php\/wp-json\/wp\/v2\/pages"}],"about":[{"href":"https:\/\/translinkmaster.com\/index.php\/wp-json\/wp\/v2\/types\/page"}],"author":[{"embeddable":true,"href":"https:\/\/translinkmaster.com\/index.php\/wp-json\/wp\/v2\/users\/8"}],"replies":[{"embeddable":true,"href":"https:\/\/translinkmaster.com\/index.php\/wp-json\/wp\/v2\/comments?post=1750"}],"version-history":[{"count":18,"href":"https:\/\/translinkmaster.com\/index.php\/wp-json\/wp\/v2\/pages\/1750\/revisions"}],"predecessor-version":[{"id":2249,"href":"https:\/\/translinkmaster.com\/index.php\/wp-json\/wp\/v2\/pages\/1750\/revisions\/2249"}],"wp:attachment":[{"href":"https:\/\/translinkmaster.com\/index.php\/wp-json\/wp\/v2\/media?parent=1750"}],"curies":[{"name":"wp","href":"https:\/\/api.w.org\/{rel}","templated":true}]}}