{"id":1748,"date":"2019-07-18T08:44:11","date_gmt":"2019-07-18T06:44:11","guid":{"rendered":"http:\/\/translinkmaster.local\/?page_id=1748"},"modified":"2024-03-05T10:42:24","modified_gmt":"2024-03-05T09:42:24","slug":"zarzadzanie-dokumentacja","status":"publish","type":"page","link":"https:\/\/translinkmaster.com\/index.php\/zarzadzanie-dokumentacja\/","title":{"rendered":"Zarz\u0105dzanie dokumentacj\u0105"},"content":{"rendered":"<ul>\n<li >\n\t\t\t\t\t<a href=\"http:\/\/translinkmaster.com\/index.php\/e-sms\/\">\t\t\t\t\tE-SMS<br \/>\n\t\t\t\t\t\t\t\t\t\t\t<\/a>\n\t\t\t\t\t\t\t\t\t<\/li>\n<li >\n\t\t\t\t\t<a href=\"http:\/\/translinkmaster.com\/index.php\/e-dsu\/\">\t\t\t\t\tE-DSU<br \/>\n\t\t\t\t\t\t\t\t\t\t\t<\/a>\n\t\t\t\t\t\t\t\t\t<\/li>\n<li >\n\t\t\t\t\t<a href=\"http:\/\/translinkmaster.com\/index.php\/e-ecm\/\">\t\t\t\t\tE-ECM<br \/>\n\t\t\t\t\t\t\t\t\t\t\t<\/a>\n\t\t\t\t\t\t\t\t\t<\/li>\n<li >\n\t\t\t\t\t<a href=\"http:\/\/translinkmaster.com\/index.php\/e-iris\/\">\t\t\t\t\tE-IRIS<br \/>\n\t\t\t\t\t\t\t\t\t\t\t<\/a>\n\t\t\t\t\t\t\t\t\t<\/li>\n<li >\n\t\t\t\t\t<a href=\"http:\/\/translinkmaster.com\/index.php\/e-doctrans\/\">\t\t\t\t\tE-DOCTRANS<br \/>\n\t\t\t\t\t\t\t\t\t\t\t<\/a>\n\t\t\t\t\t\t\t\t\t<\/li>\n<li >\n\t\t\t\t\t<a href=\"http:\/\/translinkmaster.com\/index.php\/e-regulamin\/\">\t\t\t\t\tE-REGULAMIN<br \/>\n\t\t\t\t\t\t\t\t\t\t\t<\/a>\n\t\t\t\t\t\t\t\t\t<\/li>\n<\/ul>\n<p style=\"margin-right: 0px; margin-bottom: 10px; margin-left: 0px; color: #444444; font-family: 'Open Sans', sans-serif; font-size: 13px; background-color: #ffffff; text-align: justify;\">Aplikacje z grupy\u00a0<strong style=\"margin-bottom: 0px;\">Zarz\u0105dzanie dokumentacj\u0105<\/strong>\u00a0to rozwi\u0105zania informatyczne dedykowane do firm, kt\u00f3re z racji obowi\u0105zuj\u0105cych przepis\u00f3w unijnych oraz krajowych i bran\u017cowych zobowi\u0105zane s\u0105 do wdro\u017cenia, przestrzegania oraz ci\u0105g\u0142ego monitorowania i uaktualniania system\u00f3w zarz\u0105dzania bezpiecze\u0144stwem, jako\u015bci\u0105 oraz procesami produkcyjnymi i utrzymaniowymi. Nieodzowne narz\u0119dzia informatyczne z intuicyjnym interfejsem, zapewniaj\u0105ce wysokie standardy w newralgicznej dziedzinie funkcjonowania ka\u017cdego przedsi\u0119biorstwa transportowego. Ich najwa\u017cniejsz\u0105 cech\u0105 jest procesowo\u015b\u0107 procedur oraz obieg\u00f3w dokument\u00f3w w organizacji takich jak formularze, zapisy, protoko\u0142y z audyt\u00f3w, kontroli itp. Aplikacje umo\u017cliwiaj\u0105 sta\u0142y kontakt on-line z dedykowanym doradc\u0105 w zakresie wdra\u017cania, zastosowania i aktualizacji dokumentacji system\u00f3w zarz\u0105dzania.<\/p>\n<p style=\"margin-right: 0px; margin-bottom: 10px; margin-left: 0px; color: #444444; font-family: 'Open Sans', sans-serif; font-size: 13px; background-color: #ffffff;\">\u00a0<\/p>\n<p style=\"margin-right: 0px; margin-bottom: 10px; margin-left: 0px; color: #444444; font-family: 'Open Sans', sans-serif; font-size: 13px; background-color: #ffffff; text-align: justify;\"><strong style=\"margin-bottom: 0px;\">W ramach tej palety produkt\u00f3w oferujemy nast\u0119puj\u0105ce aplikacje:<br style=\"margin-bottom: 0px;\" \/><\/strong><\/p>\n<p style=\"margin-right: 0px; margin-bottom: 10px; margin-left: 0px; color: #444444; font-family: 'Open Sans', sans-serif; font-size: 13px; background-color: #ffffff; text-align: justify;\">&#8211;\u00a0<strong style=\"margin-bottom: 0px;\">TransLink Master e-SMS<\/strong>\u00a0\u2013 dokumentacja system\u00f3w zarz\u0105dzania bezpiecze\u0144stwem w transporcie kolejowym,<\/p>\n<p style=\"margin-right: 0px; margin-bottom: 10px; margin-left: 0px; color: #444444; font-family: 'Open Sans', sans-serif; font-size: 13px; background-color: #ffffff; text-align: justify;\">&#8211;\u00a0<strong style=\"margin-bottom: 0px;\">TransLink Master e-DSU<\/strong>\u00a0\u2013 dokumentacja system\u00f3w utrzymania pojazd\u00f3w kolejowych,<\/p>\n<p style=\"margin-right: 0px; margin-bottom: 10px; margin-left: 0px; color: #444444; font-family: 'Open Sans', sans-serif; font-size: 13px; background-color: #ffffff; text-align: justify;\">&#8211;\u00a0<strong style=\"margin-bottom: 0px;\">TransLink Master e-ECM<\/strong>\u00a0\u2013 dokumentacja system\u00f3w zarz\u0105dzania bezpiecze\u0144stwem wagon\u00f3w torowych,<\/p>\n<p style=\"margin-right: 0px; margin-bottom: 10px; margin-left: 0px; color: #444444; font-family: 'Open Sans', sans-serif; font-size: 13px; background-color: #ffffff; text-align: justify;\">&#8211;\u00a0<strong style=\"margin-bottom: 0px;\">TransLink Master e-IRIS<\/strong>\u00a0\u2013 dokumentacja system\u00f3w zarz\u0105dzania w oparciu o standard IRIS w przemy\u015ble kolejowym,<\/p>\n<p style=\"margin-right: 0px; margin-bottom: 10px; margin-left: 0px; color: #444444; font-family: 'Open Sans', sans-serif; font-size: 13px; background-color: #ffffff; text-align: justify;\">&#8211;\u00a0<strong style=\"margin-bottom: 0px;\">TransLink Master e-DocTrans<\/strong>\u00a0\u2013 zarz\u0105dzanie obiegiem list\u00f3w przewozowych,<\/p>\n<p style=\"margin-right: 0px; margin-bottom: 10px; margin-left: 0px; color: #444444; font-family: 'Open Sans', sans-serif; font-size: 13px; background-color: #ffffff; text-align: justify;\">&#8211;\u00a0<strong style=\"margin-bottom: 0px;\">TransLink Master e-Regulamin<\/strong>\u00a0\u2013 dokumentacja regulamin\u00f3w technicznych stacji, bocznic, itp.<\/p>\n<p style=\"margin-right: 0px; margin-bottom: 10px; margin-left: 0px; color: #444444; font-family: 'Open Sans', sans-serif; font-size: 13px; background-color: #ffffff;\">\u00a0<\/p>\n<p style=\"margin-right: 0px; margin-bottom: 0px; margin-left: 0px; color: #444444; font-family: 'Open Sans', sans-serif; font-size: 13px; background-color: #ffffff; text-align: justify;\">Wymienione aplikacje nie wyczerpuj\u0105 mo\u017cliwo\u015bci wsparcia informatycznego proces\u00f3w zarz\u0105dzania dokumentacj\u0105. Ka\u017cda z powy\u017cszych aplikacji posiada cechy pozwalaj\u0105ce na wszechstronne dostosowanie ich funkcjonalno\u015bci do indywidualnych potrzeb ka\u017cdego Klienta. Ponadto, opr\u00f3cz tradycyjnych urz\u0105dze\u0144 czyli komputer\u00f3w osobistych, czy laptop\u00f3w, aplikacje mog\u0105 by\u0107 u\u017cywane na urz\u0105dzeniach mobilnych takich, jak: telefony kom\u00f3rkowe, smartfony, czy tablety.<\/p>\n","protected":false},"excerpt":{"rendered":"<p>E-SMS E-DSU E-ECM E-IRIS E-DOCTRANS E-REGULAMIN Aplikacje z grupy\u00a0Zarz\u0105dzanie dokumentacj\u0105\u00a0to rozwi\u0105zania informatyczne dedykowane do firm, kt\u00f3re z racji obowi\u0105zuj\u0105cych przepis\u00f3w unijnych oraz krajowych i bran\u017cowych zobowi\u0105zane s\u0105 do wdro\u017cenia, przestrzegania oraz ci\u0105g\u0142ego monitorowania i uaktualniania system\u00f3w zarz\u0105dzania bezpiecze\u0144stwem, jako\u015bci\u0105 oraz procesami produkcyjnymi i utrzymaniowymi. Nieodzowne narz\u0119dzia informatyczne z intuicyjnym interfejsem, zapewniaj\u0105ce wysokie standardy w newralgicznej &hellip; <\/p>\n","protected":false},"author":8,"featured_media":0,"parent":0,"menu_order":0,"comment_status":"closed","ping_status":"closed","template":"","meta":{"_exactmetrics_skip_tracking":false,"_exactmetrics_sitenote_active":false,"_exactmetrics_sitenote_note":"","_exactmetrics_sitenote_category":0,"footnotes":"","_links_to":"","_links_to_target":""},"class_list":["post-1748","page","type-page","status-publish","hentry","latest_post","no_image"],"_links":{"self":[{"href":"https:\/\/translinkmaster.com\/index.php\/wp-json\/wp\/v2\/pages\/1748","targetHints":{"allow":["GET"]}}],"collection":[{"href":"https:\/\/translinkmaster.com\/index.php\/wp-json\/wp\/v2\/pages"}],"about":[{"href":"https:\/\/translinkmaster.com\/index.php\/wp-json\/wp\/v2\/types\/page"}],"author":[{"embeddable":true,"href":"https:\/\/translinkmaster.com\/index.php\/wp-json\/wp\/v2\/users\/8"}],"replies":[{"embeddable":true,"href":"https:\/\/translinkmaster.com\/index.php\/wp-json\/wp\/v2\/comments?post=1748"}],"version-history":[{"count":5,"href":"https:\/\/translinkmaster.com\/index.php\/wp-json\/wp\/v2\/pages\/1748\/revisions"}],"predecessor-version":[{"id":2229,"href":"https:\/\/translinkmaster.com\/index.php\/wp-json\/wp\/v2\/pages\/1748\/revisions\/2229"}],"wp:attachment":[{"href":"https:\/\/translinkmaster.com\/index.php\/wp-json\/wp\/v2\/media?parent=1748"}],"curies":[{"name":"wp","href":"https:\/\/api.w.org\/{rel}","templated":true}]}}