{"id":1746,"date":"2019-07-18T08:43:04","date_gmt":"2019-07-18T06:43:04","guid":{"rendered":"http:\/\/translinkmaster.local\/?page_id=1746"},"modified":"2024-03-05T10:26:04","modified_gmt":"2024-03-05T09:26:04","slug":"wsparcie-eksploatacyjne-2","status":"publish","type":"page","link":"https:\/\/translinkmaster.com\/index.php\/wsparcie-eksploatacyjne-2\/","title":{"rendered":"Wsparcie eksploatacyjne."},"content":{"rendered":"<ul>\n<li >\n\t\t\t\t\t<a href=\"https:\/\/translinkmaster.com\/index.php\/dislog\/\">\t\t\t\t\tDISLOG<br \/>\n\t\t\t\t\t\t\t\t\t\t\t<\/a>\n\t\t\t\t\t\t\t\t\t<\/li>\n<li >\n\t\t\t\t\t<a href=\"https:\/\/translinkmaster.com\/index.php\/orders-2\/\">\t\t\t\t\tORDERS<br \/>\n\t\t\t\t\t\t\t\t\t\t\t<\/a>\n\t\t\t\t\t\t\t\t\t<\/li>\n<li >\n\t\t\t\t\t<a href=\"https:\/\/translinkmaster.com\/index.php\/scp-personel\/\">\t\t\t\t\tSCP PERSONEL<br \/>\n\t\t\t\t\t\t\t\t\t\t\t<\/a>\n\t\t\t\t\t\t\t\t\t<\/li>\n<li >\n\t\t\t\t\t<a href=\"https:\/\/translinkmaster.com\/index.php\/scp-tabor\/\">\t\t\t\t\tSCP TABOR<br \/>\n\t\t\t\t\t\t\t\t\t\t\t<\/a>\n\t\t\t\t\t\t\t\t\t<\/li>\n<li >\n\t\t\t\t\t<a href=\"https:\/\/translinkmaster.com\/index.php\/datatrans\/\">\t\t\t\t\tDATATRANS<br \/>\n\t\t\t\t\t\t\t\t\t\t\t<\/a>\n\t\t\t\t\t\t\t\t\t<\/li>\n<li >\n\t\t\t\t\t<a href=\"https:\/\/translinkmaster.com\/index.php\/calcuoil\/\">\t\t\t\t\tCALCUOIL<br \/>\n\t\t\t\t\t\t\t\t\t\t\t<\/a>\n\t\t\t\t\t\t\t\t\t<\/li>\n<li >\n\t\t\t\t\t<a href=\"https:\/\/translinkmaster.com\/index.php\/ekspedycja\">\t\t\t\t\tEKSPEDYCJA<br \/>\n\t\t\t\t\t\t\t\t\t\t\t<\/a>\n\t\t\t\t\t\t\t\t\t<\/li>\n<\/ul>\n<p style=\"margin-right: 0px; margin-bottom: 10px; margin-left: 0px; color: #444444; font-family: 'Open Sans', sans-serif; font-size: 13px; background-color: #ffffff; text-align: justify;\">Rozwi\u0105zania informatyczne dedykowane dla firm transportowych, a w szczeg\u00f3lno\u015bci z bran\u017cy przewoz\u00f3w kolejowych, wspomagaj\u0105ce zarz\u0105dzanie eksploatacyjne proces\u00f3w przewozowych. Proste i intuicyjne w obs\u0142udze aplikacje, umo\u017cliwiaj\u0105ce precyzyjne sterowanie procesami charakterystycznymi dla przedsi\u0119biorstw realizuj\u0105cych przewozy towar\u00f3w i os\u00f3b.<\/p>\n<p style=\"margin-right: 0px; margin-bottom: 10px; margin-left: 0px; color: #444444; font-family: 'Open Sans', sans-serif; font-size: 13px; background-color: #ffffff;\">\u00a0<\/p>\n<p style=\"margin-right: 0px; margin-bottom: 10px; margin-left: 0px; color: #444444; font-family: 'Open Sans', sans-serif; font-size: 13px; background-color: #ffffff; text-align: justify;\"><strong style=\"margin-bottom: 0px;\">W ramach wsparcia eksploatacyjnego oferujemy nast\u0119puj\u0105ce aplikacje:<br style=\"margin-bottom: 0px;\" \/><\/strong><\/p>\n<p style=\"margin-right: 0px; margin-bottom: 10px; margin-left: 0px; color: #444444; font-family: 'Open Sans', sans-serif; font-size: 13px; background-color: #ffffff; text-align: justify;\">&#8211;<strong style=\"margin-bottom: 0px;\"> TransLink Master DisLog<\/strong>\u00a0\u2013 narz\u0119dzie dyspozytorskie wspomagaj\u0105ce monitoring przesy\u0142ek,<\/p>\n<p style=\"margin-right: 0px; margin-bottom: 10px; margin-left: 0px; color: #444444; font-family: 'Open Sans', sans-serif; font-size: 13px; background-color: #ffffff; text-align: justify;\">&#8211;\u00a0<strong style=\"margin-bottom: 0px;\">TransLink Master Orders<\/strong>\u00a0\u2013 system zlece\u0144 i rozlicze\u0144 podwykonawc\u00f3w,<\/p>\n<p style=\"margin-right: 0px; margin-bottom: 10px; margin-left: 0px; color: #444444; font-family: 'Open Sans', sans-serif; font-size: 13px; background-color: #ffffff; text-align: justify;\">&#8211;\u00a0<strong style=\"margin-bottom: 0px;\">TransLink Master SCP Personel<\/strong>\u00a0\u2013 system ewidencji czasu pracy personelu,<\/p>\n<p style=\"margin-right: 0px; margin-bottom: 10px; margin-left: 0px; color: #444444; font-family: 'Open Sans', sans-serif; font-size: 13px; background-color: #ffffff; text-align: justify;\">&#8211;\u00a0<strong style=\"margin-bottom: 0px;\">TransLink Master SCP Tabor<\/strong>\u00a0\u2013 system ewidencji czasu pracy taboru,<\/p>\n<p style=\"margin-right: 0px; margin-bottom: 10px; margin-left: 0px; color: #444444; font-family: 'Open Sans', sans-serif; font-size: 13px; background-color: #ffffff; text-align: justify;\">&#8211;\u00a0<strong style=\"margin-bottom: 0px;\">TransLink Master DataTrans<\/strong>\u00a0\u2013 system ewidencji pracy przewozowej,<\/p>\n<p style=\"margin-right: 0px; margin-bottom: 10px; margin-left: 0px; color: #444444; font-family: 'Open Sans', sans-serif; font-size: 13px; background-color: #ffffff; text-align: justify;\">&#8211;\u00a0<strong style=\"margin-bottom: 0px;\">TransLink Master CalcuOil<\/strong>\u00a0\u2013 system rozlicze\u0144 zu\u017cycia paliw p\u0142ynnych,<\/p>\n<p style=\"margin-right: 0px; margin-bottom: 10px; margin-left: 0px; color: #444444; font-family: 'Open Sans', sans-serif; font-size: 13px; background-color: #ffffff; text-align: justify;\">&#8211;\u00a0<strong style=\"margin-bottom: 0px;\">TransLink Master Ekspedycja<\/strong>\u00a0\u2013 ewidencja pracy ekspedycyjnej na bocznicy.<\/p>\n<p style=\"margin-right: 0px; margin-bottom: 10px; margin-left: 0px; color: #444444; font-family: 'Open Sans', sans-serif; font-size: 13px; background-color: #ffffff;\">\u00a0<\/p>\n<p style=\"margin-right: 0px; margin-bottom: 0px; margin-left: 0px; color: #444444; font-family: 'Open Sans', sans-serif; font-size: 13px; background-color: #ffffff; text-align: justify;\">Ka\u017cda z aplikacji posiada cechy pozwalaj\u0105ce na wszechstronne dostosowanie ich funkcjonalno\u015bci do indywidualnych potrzeb ka\u017cdego Klienta. Ponadto, opr\u00f3cz tradycyjnych urz\u0105dze\u0144 czyli komputer\u00f3w osobistych, czy laptop\u00f3w, aplikacje mog\u0105 by\u0107 u\u017cywane na urz\u0105dzeniach mobilnych takich, jak: telefony kom\u00f3rkowe, smartfony, czy tablety.<\/p>\n<figure><a href=\"https:\/\/translinkmaster.com\/wp-content\/uploads\/2019\/09\/esms.png\" data-elementor-open-lightbox=\"yes\" data-elementor-lightbox-slideshow=\"e072c98\" data-elementor-lightbox-index=\"0\"><img decoding=\"async\" src=\"https:\/\/translinkmaster.com\/wp-content\/uploads\/2019\/09\/esms-300x134.png\" alt=\"esms\" \/><\/a><figcaption>esms<\/figcaption><\/figure>\n<figure><a href=\"https:\/\/translinkmaster.com\/wp-content\/uploads\/2019\/09\/form-lok.png\" data-elementor-open-lightbox=\"yes\" data-elementor-lightbox-slideshow=\"e072c98\" data-elementor-lightbox-index=\"1\"><img decoding=\"async\" src=\"https:\/\/translinkmaster.com\/wp-content\/uploads\/2019\/09\/form-lok-300x207.png\" alt=\"lok3\" \/><\/a><figcaption>lok3<\/figcaption><\/figure>\n<figure><a href=\"https:\/\/translinkmaster.com\/wp-content\/uploads\/2019\/09\/form-lok1.png\" data-elementor-open-lightbox=\"yes\" data-elementor-lightbox-slideshow=\"e072c98\" data-elementor-lightbox-index=\"2\"><img decoding=\"async\" src=\"https:\/\/translinkmaster.com\/wp-content\/uploads\/2019\/09\/form-lok1-300x171.png\" alt=\"Lok1\" \/><\/a><figcaption>Lok1<\/figcaption><\/figure>\n<figure><a href=\"https:\/\/translinkmaster.com\/wp-content\/uploads\/2019\/09\/wagony.png\" data-elementor-open-lightbox=\"yes\" data-elementor-lightbox-slideshow=\"e072c98\" data-elementor-lightbox-index=\"3\"><img decoding=\"async\" src=\"https:\/\/translinkmaster.com\/wp-content\/uploads\/2019\/09\/wagony-300x169.png\" alt=\"Wagon 2\" \/><\/a><figcaption>Wagon 2<\/figcaption><\/figure>\n<figure><a href=\"https:\/\/translinkmaster.com\/wp-content\/uploads\/2019\/09\/wagony1.png\" data-elementor-open-lightbox=\"yes\" data-elementor-lightbox-slideshow=\"e072c98\" data-elementor-lightbox-index=\"4\"><img decoding=\"async\" src=\"https:\/\/translinkmaster.com\/wp-content\/uploads\/2019\/09\/wagony1-300x128.png\" alt=\"Wagon\" \/><\/a><figcaption>Wagon<\/figcaption><\/figure>\n<figure><a href=\"https:\/\/translinkmaster.com\/wp-content\/uploads\/2019\/09\/wykaz-p.png\" data-elementor-open-lightbox=\"yes\" data-elementor-lightbox-slideshow=\"e072c98\" data-elementor-lightbox-index=\"5\"><img decoding=\"async\" src=\"https:\/\/translinkmaster.com\/wp-content\/uploads\/2019\/09\/wykaz-p-300x169.png\" alt=\"Wykaz 2\" \/><\/a><figcaption>Wykaz 2<\/figcaption><\/figure>\n<figure><a href=\"https:\/\/translinkmaster.com\/wp-content\/uploads\/2019\/09\/wykaz-p1.png\" data-elementor-open-lightbox=\"yes\" data-elementor-lightbox-slideshow=\"e072c98\" data-elementor-lightbox-index=\"6\"><img decoding=\"async\" src=\"https:\/\/translinkmaster.com\/wp-content\/uploads\/2019\/09\/wykaz-p1-300x141.png\" alt=\"Wykaz\" \/><\/a><figcaption>Wykaz<\/figcaption><\/figure>\n","protected":false},"excerpt":{"rendered":"<p>DISLOG ORDERS SCP PERSONEL SCP TABOR DATATRANS CALCUOIL EKSPEDYCJA Rozwi\u0105zania informatyczne dedykowane dla firm transportowych, a w szczeg\u00f3lno\u015bci z bran\u017cy przewoz\u00f3w kolejowych, wspomagaj\u0105ce zarz\u0105dzanie eksploatacyjne proces\u00f3w przewozowych. Proste i intuicyjne w obs\u0142udze aplikacje, umo\u017cliwiaj\u0105ce precyzyjne sterowanie procesami charakterystycznymi dla przedsi\u0119biorstw realizuj\u0105cych przewozy towar\u00f3w i os\u00f3b. \u00a0 W ramach wsparcia eksploatacyjnego oferujemy nast\u0119puj\u0105ce aplikacje: &#8211; TransLink &hellip; <\/p>\n","protected":false},"author":8,"featured_media":0,"parent":0,"menu_order":0,"comment_status":"closed","ping_status":"closed","template":"","meta":{"_exactmetrics_skip_tracking":false,"_exactmetrics_sitenote_active":false,"_exactmetrics_sitenote_note":"","_exactmetrics_sitenote_category":0,"footnotes":"","_links_to":"","_links_to_target":""},"class_list":["post-1746","page","type-page","status-publish","hentry","latest_post","no_image"],"_links":{"self":[{"href":"https:\/\/translinkmaster.com\/index.php\/wp-json\/wp\/v2\/pages\/1746","targetHints":{"allow":["GET"]}}],"collection":[{"href":"https:\/\/translinkmaster.com\/index.php\/wp-json\/wp\/v2\/pages"}],"about":[{"href":"https:\/\/translinkmaster.com\/index.php\/wp-json\/wp\/v2\/types\/page"}],"author":[{"embeddable":true,"href":"https:\/\/translinkmaster.com\/index.php\/wp-json\/wp\/v2\/users\/8"}],"replies":[{"embeddable":true,"href":"https:\/\/translinkmaster.com\/index.php\/wp-json\/wp\/v2\/comments?post=1746"}],"version-history":[{"count":13,"href":"https:\/\/translinkmaster.com\/index.php\/wp-json\/wp\/v2\/pages\/1746\/revisions"}],"predecessor-version":[{"id":2205,"href":"https:\/\/translinkmaster.com\/index.php\/wp-json\/wp\/v2\/pages\/1746\/revisions\/2205"}],"wp:attachment":[{"href":"https:\/\/translinkmaster.com\/index.php\/wp-json\/wp\/v2\/media?parent=1746"}],"curies":[{"name":"wp","href":"https:\/\/api.w.org\/{rel}","templated":true}]}}