{"id":1690,"date":"2019-07-17T09:26:43","date_gmt":"2019-07-17T07:26:43","guid":{"rendered":"http:\/\/translinkmaster.local\/?page_id=1690"},"modified":"2024-09-25T13:25:43","modified_gmt":"2024-09-25T11:25:43","slug":"kariera","status":"publish","type":"page","link":"https:\/\/translinkmaster.com\/index.php\/kariera\/","title":{"rendered":"Kariera"},"content":{"rendered":"\n<div class=\"wp-block-columns has-2-columns is-layout-flex wp-container-core-columns-is-layout-9d6595d7 wp-block-columns-is-layout-flex\">\n<div class=\"wp-block-column is-layout-flow wp-block-column-is-layout-flow\">\n<p>Aktualnie prowadzimy rekrutacj\u0119 na poni\u017csze stanowiska:<\/p>\n\n\n\n<div class=\"wp-block-file\"><a id=\"wp-block-file--media-dc06e58a-6efd-43f7-a2dd-8d5e3a46d76f\" href=\"https:\/\/translinkmaster.com\/wp-content\/uploads\/2019\/09\/Oferta_Pracy.pdf\">Oferta Pracy &#8211; Programista<\/a><a href=\"https:\/\/translinkmaster.com\/wp-content\/uploads\/2019\/09\/Oferta_Pracy.pdf\" class=\"wp-block-file__button wp-element-button\" download aria-describedby=\"wp-block-file--media-dc06e58a-6efd-43f7-a2dd-8d5e3a46d76f\">Pobierz<\/a><\/div>\n\n\n\n<p><strong>TransLinkMaster&nbsp;<\/strong>to przedsi\u0119biorstwo wytwarzaj\u0105ce rozwi\u0105zania informatyczne dla przedsi\u0119biorstw kolejowych,&nbsp;transportowych&nbsp;oraz handlowych.<\/p>\n\n\n\n<p><strong>Zakres obowi\u0105zk\u00f3w:&nbsp;<\/strong><\/p>\n\n\n\n<p>\u2022 tworzenie i rozw\u00f3j&nbsp;warstwy&nbsp;frontendowej i&nbsp;backendowej&nbsp;oprogramowania dedykowanego dla bran\u017cy kolejowo \u2013 logistycznej, przemys\u0142u oraz biznesu.<\/p>\n\n\n\n<p>\u2022 praca w zespole, z u\u017cyciem metodologii Agile-owych jaki&nbsp;Waterfall-owych, kt\u00f3ra wymaga aktywnego uczestnictwa w wydarzeniach projektowych, skupiaj\u0105c si\u0119 na osi\u0105gni\u0119ciu celu.<\/p>\n\n\n\n<p><strong>Umiej\u0119tno\u015bci wymagane:<\/strong><\/p>\n\n\n\n<p>\u2022&nbsp;Znajomo\u015b\u0107&nbsp;JavaScript&nbsp;<\/p>\n\n\n\n<p>\u2022&nbsp;podstawowa&nbsp;znajomo\u015b\u0107 przynajmniej jednego z&nbsp;framework\u00f3w&nbsp;SPA&nbsp;(najlepiej&nbsp;Angular)<\/p>\n\n\n\n<p>\u2022&nbsp;podstawowa znajomo\u015b\u0107&nbsp;Node.js<\/p>\n\n\n\n<p>\u2022 podstawowa znajomo\u015b\u0107&nbsp;nierelacyjnych baz danych,&nbsp;<\/p>\n\n\n\n<p>\u2022 znajomo\u015b\u0107 j\u0119zyka angielskiego w stopniu umo\u017cliwiaj\u0105cym pos\u0142ugiwanie si\u0119 dokumentacj\u0105 techniczn\u0105.<\/p>\n\n\n\n<p><strong>Dodatkowe atuty:<\/strong>&nbsp;<\/p>\n\n\n\n<p>\u2022&nbsp;znajomo\u015b\u0107 zagadnie\u0144 UI\/UX<\/p>\n\n\n\n<p>\u2022&nbsp;znajomo\u015b\u0107 Docker-a<\/p>\n\n\n\n<p>\u2022&nbsp;znajomo\u015b\u0107&nbsp;NestJS<\/p>\n\n\n\n<p><strong>Oferujemy:<\/strong><\/p>\n\n\n\n<p>\u2022 mo\u017cliwo\u015b\u0107 rozwoju zawodowego,<\/p>\n\n\n\n<p>\u2022&nbsp;prac\u0119 w 100% zdaln\u0105&nbsp;<\/p>\n\n\n\n<p>\u2022 prac\u0119 w m\u0142odym i rozwojowym zespole,<\/p>\n\n\n\n<p>\u2022 zdobycie do\u015bwiadczenia w szybko rozwijaj\u0105cej si\u0119 firmie<\/p>\n\n\n\n<p>Miejsce pracy: Toru\u0144&nbsp;(mo\u017cliwo\u015b\u0107 pracy zdalnej)<\/p>\n\n\n\n<p>Osoby zainteresowane prosimy o przes\u0142anie CV na adres info[at]translinkmaster.com Prosimy o dopisanie nast\u0119puj\u0105cej klauzuli: &#8222;Wyra\u017cam zgod\u0119 na przetwarzanie moich danych osobowych dla potrzeb niezb\u0119dnych do realizacji procesu rekrutacji (zgodnie z ustaw\u0105 z dnia 10 maja 2018 roku o ochronie danych osobowych (Dz. Ustaw z 2018, poz. 1000) oraz zgodnie z Rozporz\u0105dzeniem Parlamentu Europejskiego i Rady (UE) 2016\/679 z dnia 27 kwietnia 2016 r..&#8221;<\/p>\n\n\n\n<p>Administratorem Twoich danych osobowych przekazanych nam za po\u015brednictwem tego formularza b\u0119dzie sp\u00f3\u0142ka TransLink Master Sp. z o.o. z siedzib\u0105 w Toruniu, przy ul. Polnej 100, 87-100 Toru\u0144. Twoje dane osobowe b\u0119d\u0105 przetwarzane przede wszystkim w celach\u00a0 rekrutacyjnych w zwi\u0105zku z nades\u0142anym przez Ciebie zg\u0142oszeniem. Szczeg\u00f3\u0142owe informacje na temat przetwarzania danych dost\u0119pne s\u0105 w\u202f<a href=\"https:\/\/translinkmaster.com\/index.php\/polityka-prywatnosci\/\">Polityce prywatno\u015bci.<\/a><\/p>\n<\/div>\n\n\n\n<div class=\"wp-block-column is-layout-flow wp-block-column-is-layout-flow\">\n<div class=\"forminator-guttenberg\"><div class=\"forminator-ui forminator-custom-form forminator-custom-form-1696 forminator-design--default  forminator_ajax\" data-forminator-render=\"0\" data-form=\"forminator-module-1696\" data-uid=\"69d793f359df0\"><br\/><\/div><form\n\t\t\t\tid=\"forminator-module-1696\"\n\t\t\t\tclass=\"forminator-ui forminator-custom-form forminator-custom-form-1696 forminator-design--default  forminator_ajax\"\n\t\t\t\tmethod=\"post\"\n\t\t\t\tdata-forminator-render=\"0\"\n\t\t\t\tdata-form-id=\"1696\"\n\t\t\t\tenctype=\"multipart\/form-data\" data-color-option=\"default\" data-design=\"default\" data-grid=\"open\" style=\"display: none;\"\n\t\t\t\tdata-uid=\"69d793f359df0\"\n\t\t\t><div role=\"alert\" aria-live=\"polite\" class=\"forminator-response-message forminator-error\" aria-hidden=\"true\"><\/div><div class=\"forminator-row\"><div id=\"name-1\" class=\"forminator-field-name forminator-col forminator-col-12 \"><div class=\"forminator-field\"><label for=\"forminator-field-name-1_69d793f359df0\" id=\"forminator-field-name-1_69d793f359df0-label\" class=\"forminator-label\">Imi\u0119 i Nazwisko <span class=\"forminator-required\">*<\/span><\/label><input type=\"text\" name=\"name-1\" value=\"\" placeholder=\"Imi\u0119 i Nazwisko\" id=\"forminator-field-name-1_69d793f359df0\" class=\"forminator-input forminator-name--field\" aria-required=\"true\" autocomplete=\"name\" \/><\/div><\/div><\/div><div class=\"forminator-row\"><div id=\"email-1\" class=\"forminator-field-email forminator-col forminator-col-12 \"><div class=\"forminator-field\"><label for=\"forminator-field-email-1_69d793f359df0\" id=\"forminator-field-email-1_69d793f359df0-label\" class=\"forminator-label\">Adres e-mail <span class=\"forminator-required\">*<\/span><\/label><input type=\"email\" name=\"email-1\" value=\"\" placeholder=\"Adres e-mail\" id=\"forminator-field-email-1_69d793f359df0\" class=\"forminator-input forminator-email--field\" data-required=\"true\" aria-required=\"true\" autocomplete=\"email\" \/><\/div><\/div><\/div><div class=\"forminator-row\"><div id=\"phone-1\" class=\"forminator-field-phone forminator-col forminator-col-12 \"><div class=\"forminator-field\"><label for=\"forminator-field-phone-1_69d793f359df0\" id=\"forminator-field-phone-1_69d793f359df0-label\" class=\"forminator-label\">Numer telefonu<\/label><input type=\"text\" name=\"phone-1\" value=\"\" placeholder=\"Telefon kontaktowy\" id=\"forminator-field-phone-1_69d793f359df0\" class=\"forminator-input forminator-field--phone\" data-required=\"\" aria-required=\"false\" autocomplete=\"off\" data-validation=\"1\" \/><\/div><\/div><\/div><div class=\"forminator-row\"><div id=\"textarea-1\" class=\"forminator-field-textarea forminator-col forminator-col-12 \"><div class=\"forminator-field\"><label for=\"forminator-field-textarea-1_69d793f359df0\" id=\"forminator-field-textarea-1_69d793f359df0-label\" class=\"forminator-label\">Co\u015b o sobie<\/label><textarea name=\"textarea-1\" placeholder=\"Opis\" id=\"forminator-field-textarea-1_69d793f359df0\" class=\"forminator-textarea\" rows=\"6\" style=\"min-height:140px;\" maxlength=\"180\" ><\/textarea><span id=\"forminator-field-textarea-1_69d793f359df0-description\" class=\"forminator-description\"><span data-limit=\"180\" data-type=\"characters\" data-editor=\"\">0 \/ 180<\/span><\/span><\/div><\/div><\/div><div class=\"forminator-row\"><div id=\"upload-1\" class=\"forminator-field-upload forminator-col forminator-col-12 \"><div class=\"forminator-field\"><label for=\"forminator-field-upload-1_69d793f359df0\" id=\"forminator-field-upload-1_69d793f359df0-label\" class=\"forminator-label\">Prze\u015blij CV<\/label><div class=\"forminator-file-upload \" data-element=\"upload-1_69d793f359df0\"><input type=\"file\" name=\"upload-1\" id=\"forminator-field-upload-1_69d793f359df0\" class=\"forminator-input-file\" accept=\".jpg,.jpeg,.jpe,.gif,.png,.bmp,.tiff,.tif,.ico,.asf,.asx,.wmv,.wmx,.wm,.avi,.divx,.flv,.mov,.qt,.mpeg,.mpg,.mpe,.mp4,.m4v,.ogv,.webm,.mkv,.3gp,.3gpp,.3g2,.3gp2,.txt,.asc,.c,.cc,.h,.srt,.csv,.tsv,.ics,.rtx,.vtt,.mp3,.m4a,.m4b,.aac,.ra,.ram,.wav,.ogg,.oga,.flac,.mid,.midi,.wma,.wax,.mka,.rtf,.pdf,.class,.tar,.zip,.gz,.gzip,.7z,.psd,.xcf,.doc,.pot,.pps,.ppt,.wri,.xla,.xls,.xlt,.xlw,.mdb,.mpp,.docx,.docm,.dotx,.dotm,.xlsx,.xlsm,.xlsb,.xltx,.xltm,.xlam,.pptx,.pptm,.ppsx,.ppsm,.potx,.potm,.ppam,.sldx,.sldm,.onetoc,.onetoc2,.onetmp,.onepkg,.oxps,.xps,.odt,.odp,.ods,.odg,.odc,.odb,.odf,.wp,.wpd,.key,.numbers,.pages\" tabindex=\"-1\"><button id=\"forminator-field-upload-1_69d793f359df0_button\" class=\"forminator-button forminator-button-upload\" data-id=\"forminator-field-upload-1_69d793f359df0\">Wybierz plik<\/button><span data-empty-text=\"Nie wybrano \u017cadnego pliku\">Nie wybrano \u017cadnego pliku<\/span><button class=\"forminator-button-delete\" style=\"display: none;\"><i class=\"forminator-icon-close\" aria-hidden=\"true\"><\/i><span class=\"forminator-screen-reader-only\">Usu\u0144 przes\u0142any plik<\/span><\/button><\/div><\/div><\/div><\/div><input type=\"hidden\" name=\"referer_url\" value=\"\" \/><div class=\"forminator-row forminator-row-last\"><div class=\"forminator-col\"><div class=\"forminator-field\"><button class=\"forminator-button forminator-button-submit\">Wy\u015blij<\/button><\/div><\/div><\/div><input type=\"hidden\" id=\"forminator_nonce\" name=\"forminator_nonce\" value=\"eb710c4cfb\" \/><input type=\"hidden\" name=\"_wp_http_referer\" value=\"\/index.php\/wp-json\/wp\/v2\/pages\/1690\" \/><input type=\"hidden\" name=\"form_id\" value=\"1696\"><input type=\"hidden\" name=\"page_id\" value=\"1690\"><input type=\"hidden\" name=\"form_type\" value=\"\"><input type=\"hidden\" name=\"current_url\" value=\"https:\/\/translinkmaster.com\/index.php\/kariera\/\"><input type=\"hidden\" name=\"render_id\" value=\"0\"><input type=\"hidden\" name=\"action\" value=\"forminator_submit_form_custom-forms\"><\/form><\/div>\n\n\n\n<p><\/p>\n<\/div>\n<\/div>\n\n\n\n<p><\/p>\n","protected":false},"excerpt":{"rendered":"<p>Aktualnie prowadzimy rekrutacj\u0119 na poni\u017csze stanowiska: TransLinkMaster&nbsp;to przedsi\u0119biorstwo wytwarzaj\u0105ce rozwi\u0105zania informatyczne dla przedsi\u0119biorstw kolejowych,&nbsp;transportowych&nbsp;oraz handlowych. Zakres obowi\u0105zk\u00f3w:&nbsp; \u2022 tworzenie i rozw\u00f3j&nbsp;warstwy&nbsp;frontendowej i&nbsp;backendowej&nbsp;oprogramowania dedykowanego dla bran\u017cy kolejowo \u2013 logistycznej, przemys\u0142u oraz biznesu. \u2022 praca w zespole, z u\u017cyciem metodologii Agile-owych jaki&nbsp;Waterfall-owych, kt\u00f3ra wymaga aktywnego uczestnictwa w wydarzeniach projektowych, skupiaj\u0105c si\u0119 na osi\u0105gni\u0119ciu celu. Umiej\u0119tno\u015bci wymagane: \u2022&nbsp;Znajomo\u015b\u0107&nbsp;JavaScript&nbsp; &hellip; <\/p>\n","protected":false},"author":8,"featured_media":0,"parent":0,"menu_order":0,"comment_status":"closed","ping_status":"closed","template":"","meta":{"_exactmetrics_skip_tracking":false,"_exactmetrics_sitenote_active":false,"_exactmetrics_sitenote_note":"","_exactmetrics_sitenote_category":0,"footnotes":"","_links_to":"","_links_to_target":""},"class_list":["post-1690","page","type-page","status-publish","hentry","latest_post","no_image"],"_links":{"self":[{"href":"https:\/\/translinkmaster.com\/index.php\/wp-json\/wp\/v2\/pages\/1690","targetHints":{"allow":["GET"]}}],"collection":[{"href":"https:\/\/translinkmaster.com\/index.php\/wp-json\/wp\/v2\/pages"}],"about":[{"href":"https:\/\/translinkmaster.com\/index.php\/wp-json\/wp\/v2\/types\/page"}],"author":[{"embeddable":true,"href":"https:\/\/translinkmaster.com\/index.php\/wp-json\/wp\/v2\/users\/8"}],"replies":[{"embeddable":true,"href":"https:\/\/translinkmaster.com\/index.php\/wp-json\/wp\/v2\/comments?post=1690"}],"version-history":[{"count":14,"href":"https:\/\/translinkmaster.com\/index.php\/wp-json\/wp\/v2\/pages\/1690\/revisions"}],"predecessor-version":[{"id":2516,"href":"https:\/\/translinkmaster.com\/index.php\/wp-json\/wp\/v2\/pages\/1690\/revisions\/2516"}],"wp:attachment":[{"href":"https:\/\/translinkmaster.com\/index.php\/wp-json\/wp\/v2\/media?parent=1690"}],"curies":[{"name":"wp","href":"https:\/\/api.w.org\/{rel}","templated":true}]}}