{"id":1671,"date":"2019-07-16T12:20:36","date_gmt":"2019-07-16T10:20:36","guid":{"rendered":"http:\/\/translinkmaster.local\/?page_id=1671"},"modified":"2020-01-13T12:17:06","modified_gmt":"2020-01-13T11:17:06","slug":"obiegi-dokumentow","status":"publish","type":"page","link":"https:\/\/translinkmaster.com\/index.php\/obiegi-dokumentow\/","title":{"rendered":"Obiegi Dokument\u00f3w"},"content":{"rendered":"\n<p><strong>Obiegi dokument\u00f3w<\/strong><\/p>\n\n\n\n<p>SSC Master stanowi rodzin\u0119 aplikacji \u201eback office\u201d\ns\u0142u\u017c\u0105cych do obs\u0142ugi proces\u00f3w elektronicznego obiegu, dekretacji i akceptacji\ndokument\u00f3w w ramach organizacji. Dzi\u0119ki specjalnie zamodelowanym formularzom\noraz mo\u017cliwo\u015bci dowolnego kreowania obiegu dokumentu (workflow), u\u0142atwia\nzarz\u0105dzanie i przep\u0142yw informacji w firmie. Pe\u0142na funkcjonalno\u015b\u0107 rozwi\u0105zania\ndost\u0119pna jest w kliencie IBM Notes, przegl\u0105darce internetowej oraz na dowolnym\nurz\u0105dzeniu mobilnym. <br>\n<br>\nSSC Master koncentruje si\u0119 wok\u00f3\u0142 obs\u0142ugi proces\u00f3w kadrowo-p\u0142acowych, ksi\u0119gowych\noraz projektowych.<\/p>\n\n\n\n<p>Korzy\u015bci biznesowe:<br>\n&#8211; Automatyzacja i standaryzacja elektronicznego obiegu i akceptacji dokument\u00f3w<br>\n&#8211; Dost\u0119p do danych z dowolnego urz\u0105dzenia mobilnego<br>\n&#8211; Kontrola i optymalizacja koszt\u00f3w<br>\n&#8211; Integracja z zewn\u0119trznymi systemami ERP<br>\n&#8211; Przyspieszenie obiegu informacji w organizacji<br>\n&#8211; Optymalizacja i standaryzacja proces\u00f3w biznesowych<br>\n&#8211; Zwi\u0119kszenie efektywno\u015bci i wydajno\u015bci pracownik\u00f3w<\/p>\n\n\n\n<p>Zapraszamy do wype\u0142nienia formularza kontaktowego b\u0105d\u017a\nbezpo\u015bredniego kontaktu.<\/p>\n\n\n\n<p>Nasi\nkonsultanci s\u0105 do Pa\u0144stwa dyspozycji<\/p>\n","protected":false},"excerpt":{"rendered":"<p>Obiegi dokument\u00f3w SSC Master stanowi rodzin\u0119 aplikacji \u201eback office\u201d s\u0142u\u017c\u0105cych do obs\u0142ugi proces\u00f3w elektronicznego obiegu, dekretacji i akceptacji dokument\u00f3w w ramach organizacji. Dzi\u0119ki specjalnie zamodelowanym formularzom oraz mo\u017cliwo\u015bci dowolnego kreowania obiegu dokumentu (workflow), u\u0142atwia zarz\u0105dzanie i przep\u0142yw informacji w firmie. Pe\u0142na funkcjonalno\u015b\u0107 rozwi\u0105zania dost\u0119pna jest w kliencie IBM Notes, przegl\u0105darce internetowej oraz na dowolnym urz\u0105dzeniu &hellip; <\/p>\n","protected":false},"author":8,"featured_media":620,"parent":0,"menu_order":0,"comment_status":"closed","ping_status":"closed","template":"","meta":{"_exactmetrics_skip_tracking":false,"_exactmetrics_sitenote_active":false,"_exactmetrics_sitenote_note":"","_exactmetrics_sitenote_category":0,"footnotes":"","_links_to":"","_links_to_target":""},"class_list":["post-1671","page","type-page","status-publish","has-post-thumbnail","hentry","latest_post"],"_links":{"self":[{"href":"https:\/\/translinkmaster.com\/index.php\/wp-json\/wp\/v2\/pages\/1671","targetHints":{"allow":["GET"]}}],"collection":[{"href":"https:\/\/translinkmaster.com\/index.php\/wp-json\/wp\/v2\/pages"}],"about":[{"href":"https:\/\/translinkmaster.com\/index.php\/wp-json\/wp\/v2\/types\/page"}],"author":[{"embeddable":true,"href":"https:\/\/translinkmaster.com\/index.php\/wp-json\/wp\/v2\/users\/8"}],"replies":[{"embeddable":true,"href":"https:\/\/translinkmaster.com\/index.php\/wp-json\/wp\/v2\/comments?post=1671"}],"version-history":[{"count":4,"href":"https:\/\/translinkmaster.com\/index.php\/wp-json\/wp\/v2\/pages\/1671\/revisions"}],"predecessor-version":[{"id":2327,"href":"https:\/\/translinkmaster.com\/index.php\/wp-json\/wp\/v2\/pages\/1671\/revisions\/2327"}],"wp:featuredmedia":[{"embeddable":true,"href":"https:\/\/translinkmaster.com\/index.php\/wp-json\/wp\/v2\/media\/620"}],"wp:attachment":[{"href":"https:\/\/translinkmaster.com\/index.php\/wp-json\/wp\/v2\/media?parent=1671"}],"curies":[{"name":"wp","href":"https:\/\/api.w.org\/{rel}","templated":true}]}}