{"id":1584,"date":"2019-07-15T13:40:58","date_gmt":"2019-07-15T11:40:58","guid":{"rendered":"http:\/\/translinkmaster.local\/?page_id=1584"},"modified":"2025-10-20T22:04:20","modified_gmt":"2025-10-20T20:04:20","slug":"firma-o-nas","status":"publish","type":"page","link":"https:\/\/translinkmaster.com\/index.php\/firma-o-nas\/","title":{"rendered":"Firma &#8211; O nas"},"content":{"rendered":"\n<p><strong>TransLink Master<\/strong>&nbsp;to rodzina rozwi\u0105za\u0144 informatycznych dla przedsi\u0119biorstw kolejowych i transportowych. W jej sk\u0142ad wchodz\u0105 specjalizowane aplikacje procesowe i ewidencyjne, bran\u017cowe us\u0142ugi konsultingowe i informatyczne, oparte o \u015brodowisko portalowe us\u0142ugi operatorskie i hostingowe. \u015arodowisko rozwi\u0105za\u0144&nbsp;<strong>TransLink Master<\/strong>&nbsp;zosta\u0142o wykreowane z intencj\u0105 efektywnych, szybkich, ekonomicznych i przynosz\u0105cych natychmiastowe efekty biznesowe implementacji. Nie bez znaczenia jest tak\u017ce dba\u0142o\u015b\u0107 o przejrzysto\u015b\u0107 i czytelno\u015b\u0107 oprogramowania, co w po\u0142\u0105czeniu z komfortem obs\u0142ugi znakomicie u\u0142atwia wdro\u017cenia i optymalizacj\u0119 proces\u00f3w \u2013 niejednokrotnie w\u015br\u00f3d u\u017cytkownik\u00f3w maj\u0105cych niewielkie do\u015bwiadczenie w obs\u0142udze urz\u0105dze\u0144 i system\u00f3w IT.<\/p>\n\n\n\n<p>Rozwi\u0105zania&nbsp;<strong>TransLink Master<\/strong>&nbsp;wykorzystuj\u0105 wi\u0119kszo\u015b\u0107 wsp\u00f3\u0142czesnych narz\u0119dzi i udogodnie\u0144 komunikacyjnych, s\u0105 te\u017c otwarte na integracj\u0119 z zewn\u0119trznymi systemami oraz bazami danych. Zastosowanie technologii dostarczanych przez firm\u0119&nbsp;<strong>IBM<\/strong>, \u015bwiatowego leadera w tej dziedzinie gwarantuje najwy\u017cszy poziom innowacyjno\u015bci, wydajno\u015bci i bezpiecze\u0144stwa danych.<\/p>\n\n\n<div class=\"wp-block-image\">\n<figure class=\"alignleft size-full is-resized\"><img fetchpriority=\"high\" decoding=\"async\" width=\"345\" height=\"303\" src=\"https:\/\/translinkmaster.com\/wp-content\/uploads\/2025\/10\/000010.png\" alt=\"\" class=\"wp-image-2521\" style=\"width:87px;height:auto\" srcset=\"https:\/\/translinkmaster.com\/wp-content\/uploads\/2025\/10\/000010.png 345w, https:\/\/translinkmaster.com\/wp-content\/uploads\/2025\/10\/000010-300x263.png 300w\" sizes=\"(max-width: 345px) 100vw, 345px\" \/><\/figure>\n<\/div>\n\n\n<p><em>TransLink Master to nowoczesne, specjalistyczne rozwi\u0105zania informatyczne. Wdro\u017cenie naszego rozwi\u0105zania daje gwarancj\u0119 wzrostu efektywno\u015bci zarz\u0105dzania zasobami oraz optymalizacji proces\u00f3w.<\/em><\/p>\n\n\n\n<p>Maciej J\u0119drzejczak \u2013 Prezes Zarz\u0105du Translink Master<\/p>\n\n\n\n<h4 class=\"wp-block-heading\">Korzy\u015bci biznesowe:<\/h4>\n\n\n\n<ul class=\"wp-block-list\">\n<li>Usprawnienie proces\u00f3w planowania i rozliczania,<\/li>\n\n\n\n<li>Wspomaganie opracowa\u0144 dokumentacji, obieg, walidacja, udost\u0119pnianie, aktualizowanie i kontrola proces\u00f3w,<\/li>\n\n\n\n<li>Efektywne zarz\u0105dzanie zasobami,<\/li>\n\n\n\n<li>Kontrola i optymalizacja koszt\u00f3w,<\/li>\n\n\n\n<li>Integracja z zewn\u0119trznymi systemami,<\/li>\n\n\n\n<li>Przyspieszenie obiegu informacji w organizacji,<\/li>\n\n\n\n<li>Optymalizacja i standaryzacja proces\u00f3w biznesowych,<\/li>\n\n\n\n<li>Zwi\u0119kszenie efektywno\u015bci i wydajno\u015bci pracownik\u00f3w,<\/li>\n\n\n\n<li>Dost\u0119p do danych z dowolnego urz\u0105dzenia mobilnego.<\/li>\n<\/ul>\n","protected":false},"excerpt":{"rendered":"<p>TransLink Master&nbsp;to rodzina rozwi\u0105za\u0144 informatycznych dla przedsi\u0119biorstw kolejowych i transportowych. W jej sk\u0142ad wchodz\u0105 specjalizowane aplikacje procesowe i ewidencyjne, bran\u017cowe us\u0142ugi konsultingowe i informatyczne, oparte o \u015brodowisko portalowe us\u0142ugi operatorskie i hostingowe. \u015arodowisko rozwi\u0105za\u0144&nbsp;TransLink Master&nbsp;zosta\u0142o wykreowane z intencj\u0105 efektywnych, szybkich, ekonomicznych i przynosz\u0105cych natychmiastowe efekty biznesowe implementacji. Nie bez znaczenia jest tak\u017ce dba\u0142o\u015b\u0107 o przejrzysto\u015b\u0107 &hellip; <\/p>\n","protected":false},"author":8,"featured_media":0,"parent":0,"menu_order":0,"comment_status":"closed","ping_status":"closed","template":"","meta":{"_exactmetrics_skip_tracking":false,"_exactmetrics_sitenote_active":false,"_exactmetrics_sitenote_note":"","_exactmetrics_sitenote_category":0,"footnotes":"","_links_to":"","_links_to_target":""},"class_list":["post-1584","page","type-page","status-publish","hentry","latest_post","no_image"],"_links":{"self":[{"href":"https:\/\/translinkmaster.com\/index.php\/wp-json\/wp\/v2\/pages\/1584","targetHints":{"allow":["GET"]}}],"collection":[{"href":"https:\/\/translinkmaster.com\/index.php\/wp-json\/wp\/v2\/pages"}],"about":[{"href":"https:\/\/translinkmaster.com\/index.php\/wp-json\/wp\/v2\/types\/page"}],"author":[{"embeddable":true,"href":"https:\/\/translinkmaster.com\/index.php\/wp-json\/wp\/v2\/users\/8"}],"replies":[{"embeddable":true,"href":"https:\/\/translinkmaster.com\/index.php\/wp-json\/wp\/v2\/comments?post=1584"}],"version-history":[{"count":7,"href":"https:\/\/translinkmaster.com\/index.php\/wp-json\/wp\/v2\/pages\/1584\/revisions"}],"predecessor-version":[{"id":2522,"href":"https:\/\/translinkmaster.com\/index.php\/wp-json\/wp\/v2\/pages\/1584\/revisions\/2522"}],"wp:attachment":[{"href":"https:\/\/translinkmaster.com\/index.php\/wp-json\/wp\/v2\/media?parent=1584"}],"curies":[{"name":"wp","href":"https:\/\/api.w.org\/{rel}","templated":true}]}}