{"id":1535,"date":"2019-07-12T11:37:20","date_gmt":"2019-07-12T09:37:20","guid":{"rendered":"http:\/\/translinkmaster.local\/?page_id=1535"},"modified":"2019-11-08T10:45:01","modified_gmt":"2019-11-08T09:45:01","slug":"dedykowane-aplikacje","status":"publish","type":"page","link":"https:\/\/translinkmaster.com\/index.php\/dedykowane-aplikacje\/","title":{"rendered":"Dedykowane aplikacje"},"content":{"rendered":"\n<p>Tradycyjne i bardzo spokojne prowadzenie dzia\u0142a\u0144 w\ndynamicznie zmieniaj\u0105cym si\u0119 globalnym otoczeniu biznesowym, sta\u0142o si\u0119\npraktycznie niemo\u017cliwe. Pytania jakie si\u0119 nasuwaj\u0105 odwo\u0142uj\u0105 si\u0119 g\u0142\u00f3wnie do\nobszar\u00f3w zarz\u0105dzania przedsi\u0119biorstwem, czyli jak zarz\u0105dza\u0107 wydajnie\nprzedsi\u0119biorstwem, jak by\u0107 bardziej konkurencyjnym oraz jak zwi\u0119kszy\u0107 szanse\npodniesienie jako\u015bci \u015bwiadczonych us\u0142ug. Pojawiaj\u0105ce si\u0119 nowe dyrektywy,\nuregulowania oraz rynkowe uwarunkowania, wymuszaj\u0105 na przedsi\u0119biorstwach\nkonieczno\u015b\u0107 ci\u0105g\u0142ego dostosowywania si\u0119 swoimi procedurami do nich. <\/p>\n\n\n\n<p>Nasza firma wychodzi\nnaprzeciw tym problemom i proponuje adaptacje dedykowanych aplikacji\ndopasowanych do przedsi\u0119biorstwa. Dlaczego dedykowane? Z prostej przyczyny\nchodzi o co najmniej dwa elementy: przystosowanie do konkretnej wielko\u015bci i\nrodzaju&nbsp; przedsi\u0119biorstwa i jego trybu\npracy oraz mo\u017cliwo\u015b\u0107 odwzorowania proces\u00f3w wyst\u0119puj\u0105cych <br>\nw przedsi\u0119biorstwie. &nbsp;Istotnym elementem jest r\u00f3wnie\u017c zwrot z inwestycji&nbsp;(tzw.ROI)\nwynikaj\u0105cy z lepszej adaptacji rozwi\u0105zania i dopasowania go do konkretnych\npotrzeb. Nawet w niewielkiej firmie dobre rozwi\u0105zanie powinno generowa\u0107&nbsp;oszcz\u0119dno\u015bci w kwocie co najmniej jednego\netatu.<\/p>\n\n\n\n<p>Nasze wieloletnie do\u015bwiadczenie w budowaniu dedykowanych rozwi\u0105za\u0144 umo\u017cliwia nam dostarczenie niezale\u017cnie od bran\u017cy dopasowanej i \u201euszytej na miar\u0119\u201d aplikacji. Podej\u015bcie projektowe zawsze rozpoczynamy od analizy konkretnego procesu a nast\u0119pnie przeprowadzamy dob\u00f3r odpowiedniej technologii wykonania. Wychodz\u0105c naprzeciw oczekiwaniom naszych klient\u00f3w staramy si\u0119 dobiera\u0107 jedynie najnowsze i sprawdzone technologie a nasze produkty finalne obejmujemy wsparciem.<\/p>\n\n\n\n<p>Zapraszamy do wype\u0142nienia formularza kontaktowego b\u0105d\u017a\nbezpo\u015bredniego kontaktu.<\/p>\n\n\n\n<p>Nasi\nkonsultanci s\u0105 do Pa\u0144stwa dyspozycji<\/p>\n","protected":false},"excerpt":{"rendered":"<p>Nasza firma wychodzi naprzeciw tym problemom i proponuje adaptacje dedykowanych aplikacji dopasowanych do przedsi\u0119biorstwa<\/p>\n","protected":false},"author":8,"featured_media":2297,"parent":0,"menu_order":0,"comment_status":"closed","ping_status":"closed","template":"","meta":{"_exactmetrics_skip_tracking":false,"_exactmetrics_sitenote_active":false,"_exactmetrics_sitenote_note":"","_exactmetrics_sitenote_category":0,"footnotes":"","_links_to":"","_links_to_target":""},"class_list":["post-1535","page","type-page","status-publish","has-post-thumbnail","hentry","latest_post"],"_links":{"self":[{"href":"https:\/\/translinkmaster.com\/index.php\/wp-json\/wp\/v2\/pages\/1535","targetHints":{"allow":["GET"]}}],"collection":[{"href":"https:\/\/translinkmaster.com\/index.php\/wp-json\/wp\/v2\/pages"}],"about":[{"href":"https:\/\/translinkmaster.com\/index.php\/wp-json\/wp\/v2\/types\/page"}],"author":[{"embeddable":true,"href":"https:\/\/translinkmaster.com\/index.php\/wp-json\/wp\/v2\/users\/8"}],"replies":[{"embeddable":true,"href":"https:\/\/translinkmaster.com\/index.php\/wp-json\/wp\/v2\/comments?post=1535"}],"version-history":[{"count":9,"href":"https:\/\/translinkmaster.com\/index.php\/wp-json\/wp\/v2\/pages\/1535\/revisions"}],"predecessor-version":[{"id":2161,"href":"https:\/\/translinkmaster.com\/index.php\/wp-json\/wp\/v2\/pages\/1535\/revisions\/2161"}],"wp:featuredmedia":[{"embeddable":true,"href":"https:\/\/translinkmaster.com\/index.php\/wp-json\/wp\/v2\/media\/2297"}],"wp:attachment":[{"href":"https:\/\/translinkmaster.com\/index.php\/wp-json\/wp\/v2\/media?parent=1535"}],"curies":[{"name":"wp","href":"https:\/\/api.w.org\/{rel}","templated":true}]}}