{"id":1530,"date":"2019-07-12T11:31:16","date_gmt":"2019-07-12T09:31:16","guid":{"rendered":"http:\/\/translinkmaster.local\/?page_id=1530"},"modified":"2019-11-08T10:40:38","modified_gmt":"2019-11-08T09:40:38","slug":"oprogramowanie-dla-przemyslu","status":"publish","type":"page","link":"https:\/\/translinkmaster.com\/index.php\/oprogramowanie-dla-przemyslu\/","title":{"rendered":"Oprogramowanie dla przemys\u0142u"},"content":{"rendered":"\n<p> Rozwi\u0105zania, s\u0142u\u017c\u0105ce zarz\u0105dzaniu zasobami i us\u0142ugami, umo\u017cliwiaj\u0105  dost\u0119p do wszystkich istotnych proces\u00f3w.<\/p>\n\n\n\n<p>Rozwi\u0105zania&nbsp;<strong>Enterprise Asset Management (EAM)<\/strong>,\ns\u0142u\u017c\u0105ce zarz\u0105dzaniu zasobami i us\u0142ugami, umo\u017cliwiaj\u0105 ka\u017cdej organizacji optymalne\nwykorzystania inwestycji w \u015brodowisko informatyczne oraz ci\u0105g\u0142e doskonalenie\nefektywno\u015bci dzia\u0142ania organizacji. Dzi\u0119ki zastosowaniu rozwi\u0105za\u0144 EAM mo\u017cliwy\njest dost\u0119p do wszystkich istotnych proces\u00f3w funkcjonuj\u0105cych w organizacji oraz\nca\u0142o\u015bciowe zarz\u0105dzanie wszystkimi zasobami przedsi\u0119biorstwa.<br>\nZapraszamy do rozwa\u017cenia zarz\u0105dzania zasobami (np.: personelem, taborem\nkolejowym) w dogodnym dla Pa\u0144stwa podej\u015bciu i zakresie. Dzi\u0119ki dedykowanym dla\nbran\u017cy kolejowej aplikacjom&nbsp;<strong>TransLink Master<\/strong>&nbsp;zainicjowanie\ntego procesu jest bardzo proste i mo\u017cliwe jest praktycznie \u201eod r\u0119ki\u201d w ka\u017cdej\norganizacji. Nasze produkty w dziedzinie EAM to narz\u0119dzia informatyczne o\nintuicyjnym interfejsie, zapewniaj\u0105ce wysokie standardy w newralgicznej\ndziedzinie funkcjonowania ka\u017cdego przedsi\u0119biorstwa transportowego.<\/p>\n\n\n\n<p><strong>W ramach tej palety produkt\u00f3w\noferujemy nast\u0119puj\u0105ce aplikacje:<\/strong><\/p>\n\n\n\n<p>&nbsp;<strong>TransLinki Master HRMan<\/strong>&nbsp;\u2013 aktywne i\nprecyzyjne zarz\u0105dzanie kadrami, w szczeg\u00f3lno\u015bci zwi\u0105zanymi z bezpiecze\u0144stwem\nnp. ruchu kolejowego,<\/p>\n\n\n\n<p>&nbsp;<strong>TransLinki Master LocMan<\/strong>&nbsp;\u2013 aktywne i\nprecyzyjne zarz\u0105dzanie parkiem kolejowych pojazd\u00f3w trakcyjnych, ci\u0105gnik\u00f3w\nsiod\u0142owych, samochod\u00f3w,<\/p>\n\n\n\n<p>&nbsp;<strong>TransLinki Master WagMan<\/strong>&nbsp;\u2013 aktywne i\nprecyzyjne zarz\u0105dzanie parkiem wagon\u00f3w, naczep, przyczep, kontener\u00f3w.<\/p>\n\n\n\n<p>Wymienione aplikacje nie wyczerpuj\u0105\nmo\u017cliwo\u015bci wsparcia informatycznego proces\u00f3w zarz\u0105dzania dokumentacj\u0105. Ka\u017cda z\npowy\u017cszych aplikacji posiada cechy pozwalaj\u0105ce na wszechstronne dostosowanie\nich funkcjonalno\u015bci do indywidualnych potrzeb ka\u017cdego Klienta. Ponadto, opr\u00f3cz\ntradycyjnych urz\u0105dze\u0144 czyli komputer\u00f3w osobistych, czy laptop\u00f3w, aplikacje mog\u0105\nby\u0107 u\u017cywane na urz\u0105dzeniach mobilnych takich, jak: telefony kom\u00f3rkowe,\nsmartfony, czy tablety.<\/p>\n\n\n\n<p>Zapraszamy do wype\u0142nienia formularza kontaktowego b\u0105d\u017a\nbezpo\u015bredniego kontaktu.<\/p>\n\n\n\n<p>Nasi konsultanci\ns\u0105 do Pa\u0144stwa dyspozycji<br><\/p>\n","protected":false},"excerpt":{"rendered":"<p>Rozwi\u0105zania, s\u0142u\u017c\u0105ce zarz\u0105dzaniu zasobami i us\u0142ugami, umo\u017cliwiaj\u0105 dost\u0119p do wszystkich istotnych proces\u00f3w<\/p>\n","protected":false},"author":8,"featured_media":2296,"parent":0,"menu_order":0,"comment_status":"closed","ping_status":"closed","template":"","meta":{"_exactmetrics_skip_tracking":false,"_exactmetrics_sitenote_active":false,"_exactmetrics_sitenote_note":"","_exactmetrics_sitenote_category":0,"footnotes":"","_links_to":"","_links_to_target":""},"class_list":["post-1530","page","type-page","status-publish","has-post-thumbnail","hentry","latest_post"],"_links":{"self":[{"href":"https:\/\/translinkmaster.com\/index.php\/wp-json\/wp\/v2\/pages\/1530","targetHints":{"allow":["GET"]}}],"collection":[{"href":"https:\/\/translinkmaster.com\/index.php\/wp-json\/wp\/v2\/pages"}],"about":[{"href":"https:\/\/translinkmaster.com\/index.php\/wp-json\/wp\/v2\/types\/page"}],"author":[{"embeddable":true,"href":"https:\/\/translinkmaster.com\/index.php\/wp-json\/wp\/v2\/users\/8"}],"replies":[{"embeddable":true,"href":"https:\/\/translinkmaster.com\/index.php\/wp-json\/wp\/v2\/comments?post=1530"}],"version-history":[{"count":5,"href":"https:\/\/translinkmaster.com\/index.php\/wp-json\/wp\/v2\/pages\/1530\/revisions"}],"predecessor-version":[{"id":2033,"href":"https:\/\/translinkmaster.com\/index.php\/wp-json\/wp\/v2\/pages\/1530\/revisions\/2033"}],"wp:featuredmedia":[{"embeddable":true,"href":"https:\/\/translinkmaster.com\/index.php\/wp-json\/wp\/v2\/media\/2296"}],"wp:attachment":[{"href":"https:\/\/translinkmaster.com\/index.php\/wp-json\/wp\/v2\/media?parent=1530"}],"curies":[{"name":"wp","href":"https:\/\/api.w.org\/{rel}","templated":true}]}}