{"id":1522,"date":"2019-07-12T11:15:53","date_gmt":"2019-07-12T09:15:53","guid":{"rendered":"http:\/\/translinkmaster.local\/?page_id=1522"},"modified":"2019-11-08T11:41:35","modified_gmt":"2019-11-08T10:41:35","slug":"wsparcie-eksploatacyjne","status":"publish","type":"page","link":"https:\/\/translinkmaster.com\/index.php\/wsparcie-eksploatacyjne\/","title":{"rendered":"Rozwi\u0105zania kolejowe"},"content":{"rendered":"\n<p>TransLink\nMaster to firma specjalizuj\u0105ca si\u0119 w tworzeniem aplikacji dedykowanych dla\nobs\u0142ugi proces\u00f3w biznesowych w przedsi\u0119biorstwach kolejowych oraz\ntransportowych. \u015arodowisko\nrozwi\u0105za\u0144&nbsp;<strong>TransLink Master<\/strong>&nbsp;zosta\u0142o wykreowane z intencj\u0105\nefektywnych, szybkich, ekonomicznych i przynosz\u0105cych natychmiastowe efekty\nbiznesowych implementacji. Nie bez znaczenia jest tak\u017ce dba\u0142o\u015b\u0107 o przejrzysto\u015b\u0107\ni czytelno\u015b\u0107 oprogramowania, co w po\u0142\u0105czeniu z komfortem obs\u0142ugi znakomicie\nu\u0142atwia wdro\u017cenia i optymalizacj\u0119 proces\u00f3w. Wykorzystujemy w swoich dzia\u0142aniach\nwi\u0119kszo\u015b\u0107 wsp\u00f3\u0142czesnych narz\u0119dzi i udogodnie\u0144 komunikacyjnych.<\/p>\n\n\n\n<p>Rozwi\u0105zania aplikacyjne\nTransLink Master klasyfikujemy w&nbsp;\nczterech grupach funkcjonalnych.<\/p>\n\n\n\n<p>Zarz\u0105dzanie zasobami \u2013 zasoby taborowe, zasoby ludzkie, zasoby rzeczowe <\/p>\n\n\n\n<p>Zarz\u0105dzanie eksploatacyjne \u2013 obs\u0142uga logistyki, koordynacja dzia\u0142a\u0144 bocznicowych <\/p>\n\n\n\n<p>Zarz\u0105dzanie dokumentacj\u0105 \u2013 udost\u0119pnianie i zarz\u0105dzanie r\u00f3\u017cnego rodzaju dokumentacj\u0105 <\/p>\n\n\n\n<p>Dedykowane obiegi dokument\u00f3w \u2013 obiegi faktur, delegacji urlop\u00f3w, systemy czasu pracy. <\/p>\n\n\n\n<p>Symulatory sterowania ruchem\nkolejowym \u2013 symulacja, modelowanie i zarz\u0105dzanie\nruchem kolejowym.&nbsp; <\/p>\n\n\n\n<p>Rozwi\u0105zania, s\u0142u\u017c\u0105ce zarz\u0105dzaniu\nzasobami i us\u0142ugami, umo\u017cliwiaj\u0105 dost\u0119p do wszystkich istotnych proces\u00f3w<\/p>\n\n\n\n<p>Rozwi\u0105zania&nbsp;<strong>Enterprise\nAsset Management (EAM)<\/strong>, s\u0142u\u017c\u0105ce zarz\u0105dzaniu zasobami i us\u0142ugami,\numo\u017cliwiaj\u0105 ka\u017cdej organizacji optymalne wykorzystania inwestycji w \u015brodowisko\ninformatyczne oraz ci\u0105g\u0142e doskonalenie efektywno\u015bci dzia\u0142ania organizacji.\nDzi\u0119ki zastosowaniu rozwi\u0105za\u0144 EAM mo\u017cliwy jest dost\u0119p do wszystkich istotnych\nproces\u00f3w funkcjonuj\u0105cych w organizacji oraz ca\u0142o\u015bciowe zarz\u0105dzanie wszystkimi\nzasobami przedsi\u0119biorstwa.<br>\nZapraszamy do rozwa\u017cenia zarz\u0105dzania zasobami (np.: personelem, taborem\nkolejowym) w dogodnym dla Pa\u0144stwa podej\u015bciu i zakresie. Dzi\u0119ki dedykowanym dla\nbran\u017cy kolejowej aplikacjom&nbsp;<strong>TransLink Master<\/strong>&nbsp;zainicjowanie\ntego procesu jest bardzo proste i mo\u017cliwe jest praktycznie \u201eod r\u0119ki\u201d w ka\u017cdej\norganizacji. Nasze produkty w dziedzinie EAM to narz\u0119dzia informatyczne o\nintuicyjnym interfejsie, zapewniaj\u0105ce wysokie standardy w newralgicznej\ndziedzinie funkcjonowania ka\u017cdego przedsi\u0119biorstwa transportowego.<\/p>\n\n\n\n<p><strong>W ramach tej palety produkt\u00f3w\noferujemy nast\u0119puj\u0105ce aplikacje:<\/strong><\/p>\n\n\n\n<p>&nbsp;<strong>TransLinki Master HRMan<\/strong>&nbsp;\u2013 aktywne i\nprecyzyjne zarz\u0105dzanie kadrami, w szczeg\u00f3lno\u015bci zwi\u0105zanymi z bezpiecze\u0144stwem\nnp. ruchu kolejowego,<\/p>\n\n\n\n<p>&nbsp;<strong>TransLinki Master LocMan<\/strong>&nbsp;\u2013 aktywne i\nprecyzyjne zarz\u0105dzanie parkiem kolejowych pojazd\u00f3w trakcyjnych, ci\u0105gnik\u00f3w\nsiod\u0142owych, samochod\u00f3w,<\/p>\n\n\n\n<p>&nbsp;<strong>TransLinki Master WagMan<\/strong>&nbsp;\u2013 aktywne i\nprecyzyjne zarz\u0105dzanie parkiem wagon\u00f3w, naczep, przyczep, kontener\u00f3w.<\/p>\n\n\n\n<p>Rozwi\u0105zania informatyczne\ndedykowane dla firm transportowych, a w szczeg\u00f3lno\u015bci z bran\u017cy przewoz\u00f3w\nkolejowych, wspomagaj\u0105ce r\u00f3wnie\u017c zarz\u0105dzanie eksploatacyjne proces\u00f3w\nprzewozowych. Proste i intuicyjne w obs\u0142udze aplikacje, umo\u017cliwiaj\u0105ce\nprecyzyjne sterowanie procesami charakterystycznymi dla przedsi\u0119biorstw\nrealizuj\u0105cych przewozy towar\u00f3w i os\u00f3b.<\/p>\n\n\n\n<p><strong>W ramach wsparcia\neksploatacyjnego oferujemy nast\u0119puj\u0105ce aplikacje:<\/strong><strong><\/strong><\/p>\n\n\n\n<p>TransLink Master DisLog<strong>&nbsp;\u2013 narz\u0119dzie\ndyspozytorskie wspomagaj\u0105ce monitoring przesy\u0142ek,<\/strong><strong><\/strong><\/p>\n\n\n\n<p>TransLink Master Orders<strong>&nbsp;\u2013 system zlece\u0144 i\nrozlicze\u0144 podwykonawc\u00f3w,<\/strong><strong><\/strong><\/p>\n\n\n\n<p>TransLink Master SCP Personel<strong>&nbsp;\u2013 system\newidencji czasu pracy personelu,<\/strong><strong><\/strong><\/p>\n\n\n\n<p>TransLink Master SCP Tabor<strong>&nbsp;\u2013 system ewidencji\nczasu pracy taboru,<\/strong><strong><\/strong><\/p>\n\n\n\n<p>TransLink Master DataTrans<strong>&nbsp;\u2013 system ewidencji\npracy przewozowej,<\/strong><strong><\/strong><\/p>\n\n\n\n<p>TransLink Master CalcuOil<strong>&nbsp;\u2013 system rozlicze\u0144\nzu\u017cycia paliw p\u0142ynnych,<\/strong><strong><\/strong><\/p>\n\n\n\n<p>TransLink Master Ekspedycja<strong>&nbsp;\u2013 ewidencja pracy ekspedycyjnej\nna bocznicy.<\/strong><strong><\/strong><\/p>\n\n\n\n<p>Aplikacje z grupy&nbsp;<strong>Zarz\u0105dzanie\ndokumentacj\u0105<\/strong>&nbsp;to rozwi\u0105zania informatyczne dedykowane dla firm, kt\u00f3re z\nracji obowi\u0105zuj\u0105cych przepis\u00f3w unijnych oraz krajowych i bran\u017cowych zobowi\u0105zane\ns\u0105 do wdro\u017cenia, przestrzegania oraz ci\u0105g\u0142ego monitorowania i uaktualniania\nsystem\u00f3w zarz\u0105dzania bezpiecze\u0144stwem, jako\u015bci\u0105 oraz procesami produkcyjnymi i\nutrzymaniowymi. Nieodzowne narz\u0119dzia informatyczne z intuicyjnym interfejsem,\nzapewniaj\u0105ce wysokie standardy w newralgicznej dziedzinie funkcjonowania\nka\u017cdego przedsi\u0119biorstwa transportowego. Ich najwa\u017cniejsz\u0105 cech\u0105 jest\nprocesowo\u015b\u0107 procedur oraz obieg\u00f3w dokument\u00f3w w organizacji takich jak\nformularze, zapisy, protoko\u0142y z audyt\u00f3w, kontroli itp. Aplikacje umo\u017cliwiaj\u0105\nsta\u0142y kontakt on-line z dedykowanym doradc\u0105 w zakresie wdra\u017cania, zastosowania\ni aktualizacji dokumentacji system\u00f3w zarz\u0105dzania.<\/p>\n\n\n\n<p><strong>W ramach tej palety produkt\u00f3w oferujemy nast\u0119puj\u0105ce\naplikacje:<\/strong><\/p>\n\n\n\n<p><strong>TransLink Master e-SMS<\/strong>&nbsp;\u2013 dokumentacja system\u00f3w zarz\u0105dzania\nbezpiecze\u0144stwem w transporcie kolejowym,<\/p>\n\n\n\n<p><strong>TransLink Master e-DSU<\/strong>&nbsp;\u2013 dokumentacja system\u00f3w utrzymania pojazd\u00f3w\nkolejowych,<\/p>\n\n\n\n<p><strong>TransLink Master e-ECM<\/strong>&nbsp;\u2013 dokumentacja system\u00f3w zarz\u0105dzania\nbezpiecze\u0144stwem wagon\u00f3w torowych,<\/p>\n\n\n\n<p><strong>TransLink Master e-IRIS<\/strong>&nbsp;\u2013 dokumentacja system\u00f3w zarz\u0105dzania w oparciu o\nstandard IRIS w przemy\u015ble kolejowym,<\/p>\n\n\n\n<p><strong>TransLink Master e-DocTrans<\/strong>&nbsp;\u2013 zarz\u0105dzanie obiegiem list\u00f3w przewozowych,<\/p>\n\n\n\n<p>Wymienione aplikacje nie\nwyczerpuj\u0105 mo\u017cliwo\u015bci wsparcia informatycznego proces\u00f3w zarz\u0105dzania\ndokumentacj\u0105. Ka\u017cda z powy\u017cszych aplikacji posiada cechy pozwalaj\u0105ce na\nwszechstronne dostosowanie ich funkcjonalno\u015bci do indywidualnych potrzeb\nka\u017cdego Klienta. Ponadto, opr\u00f3cz tradycyjnych urz\u0105dze\u0144 czyli komputer\u00f3w\nosobistych, czy laptop\u00f3w, aplikacje mog\u0105 by\u0107 u\u017cywane na urz\u0105dzeniach mobilnych\ntakich, jak: telefony kom\u00f3rkowe, smartfony, czy tablety.<\/p>\n\n\n\n<p>Zapraszamy do wype\u0142nienia formularza kontaktowego b\u0105d\u017a\nbezpo\u015bredniego kontaktu.<\/p>\n\n\n\n<p>Nasi\nkonsultanci s\u0105 do Pa\u0144stwa dyspozycji<\/p>\n\n\n\n<p>przewoz\u00f3w kolejowych. <\/p>\n\n\n\n<p>Tradycyjne i bardzo spokojne prowadzenie dzia\u0142a\u0144 w\ndynamicznie zmieniaj\u0105cym si\u0119 globalnym otoczeniu biznesowym, sta\u0142o si\u0119 praktycznie\nniemo\u017cliwe. Pytania jakie si\u0119 nasuwaj\u0105 odwo\u0142uj\u0105 si\u0119 g\u0142\u00f3wnie do obszar\u00f3w\nzarz\u0105dzania przedsi\u0119biorstwem, czyli jak zarz\u0105dza\u0107 wydajnie przedsi\u0119biorstwem,\njak by\u0107 bardziej konkurencyjnym oraz jak zwi\u0119kszy\u0107 szanse podniesienie jako\u015bci\n\u015bwiadczonych us\u0142ug. Pojawiaj\u0105ce si\u0119 nowe dyrektywy, uregulowania oraz rynkowe\nuwarunkowania, wymuszaj\u0105 na przedsi\u0119biorstwach sektora kolejowego konieczno\u015b\u0107\nci\u0105g\u0142ego dostosowywania si\u0119 swoimi procedurami do nich. <\/p>\n\n\n\n<p>Nasza firma wychodzi\nnaprzeciw tym problemom i proponuje adaptacje dedykowanych aplikacji\ndopasowanych do przedsi\u0119biorstwa. Dlaczego dedykowane? Z prostej przyczyny\nchodzi o co najmniej dwa elementy: przystosowanie do konkretnej wielko\u015bci i\nrodzaju&nbsp; przedsi\u0119biorstwa i jego trybu\npracy oraz mo\u017cliwo\u015b\u0107 odwzorowania proces\u00f3w wyst\u0119puj\u0105cych <br>\nw przedsi\u0119biorstwie. &nbsp;Istotnym elementem jest r\u00f3wnie\u017c zwrot z inwestycji&nbsp;(tzw.ROI)\nwynikaj\u0105cy z lepszej adaptacji rozwi\u0105zania i dopasowania go do konkretnych\npotrzeb. Nawet w niewielkiej firmie dobre rozwi\u0105zanie powinno generowa\u0107&nbsp;oszcz\u0119dno\u015bci w kwocie co najmniej jednego\netatu.<\/p>\n\n\n\n<p>TransLink\nMaster to firma specjalizuj\u0105ca si\u0119 w tworzeniem aplikacji dedykowanych dla\nobs\u0142ugi proces\u00f3w biznesowych w przedsi\u0119biorstwach kolejowych oraz\ntransportowych. \u015arodowisko\nrozwi\u0105za\u0144&nbsp;<strong>TransLink Master<\/strong>&nbsp;zosta\u0142o wykreowane z intencj\u0105\nefektywnych, szybkich, ekonomicznych i przynosz\u0105cych natychmiastowe efekty\nbiznesowych implementacji. Nie bez znaczenia jest tak\u017ce dba\u0142o\u015b\u0107 o przejrzysto\u015b\u0107\ni czytelno\u015b\u0107 oprogramowania, co w po\u0142\u0105czeniu z komfortem obs\u0142ugi znakomicie\nu\u0142atwia wdro\u017cenia i optymalizacj\u0119 proces\u00f3w. Wykorzystujemy w swoich dzia\u0142aniach\nwi\u0119kszo\u015b\u0107 wsp\u00f3\u0142czesnych narz\u0119dzi i udogodnie\u0144 komunikacyjnych.<\/p>\n\n\n\n<p>Zapraszamy do wype\u0142nienia formularza kontaktowego b\u0105d\u017a\nbezpo\u015bredniego kontaktu.<\/p>\n\n\n\n<p>Nasi konsultanci s\u0105 do Pa\u0144stwa dyspozycji<\/p>\n","protected":false},"excerpt":{"rendered":"<p>Rozwi\u0105zania informatyczne dedykowane dla firm transportowych, a w szczeg\u00f3lno\u015bci z bran\u017cy przewoz\u00f3w kolejowych<\/p>\n","protected":false},"author":8,"featured_media":2294,"parent":0,"menu_order":0,"comment_status":"closed","ping_status":"closed","template":"","meta":{"_exactmetrics_skip_tracking":false,"_exactmetrics_sitenote_active":false,"_exactmetrics_sitenote_note":"","_exactmetrics_sitenote_category":0,"footnotes":"","_links_to":"","_links_to_target":""},"class_list":["post-1522","page","type-page","status-publish","has-post-thumbnail","hentry","latest_post"],"_links":{"self":[{"href":"https:\/\/translinkmaster.com\/index.php\/wp-json\/wp\/v2\/pages\/1522","targetHints":{"allow":["GET"]}}],"collection":[{"href":"https:\/\/translinkmaster.com\/index.php\/wp-json\/wp\/v2\/pages"}],"about":[{"href":"https:\/\/translinkmaster.com\/index.php\/wp-json\/wp\/v2\/types\/page"}],"author":[{"embeddable":true,"href":"https:\/\/translinkmaster.com\/index.php\/wp-json\/wp\/v2\/users\/8"}],"replies":[{"embeddable":true,"href":"https:\/\/translinkmaster.com\/index.php\/wp-json\/wp\/v2\/comments?post=1522"}],"version-history":[{"count":9,"href":"https:\/\/translinkmaster.com\/index.php\/wp-json\/wp\/v2\/pages\/1522\/revisions"}],"predecessor-version":[{"id":2063,"href":"https:\/\/translinkmaster.com\/index.php\/wp-json\/wp\/v2\/pages\/1522\/revisions\/2063"}],"wp:featuredmedia":[{"embeddable":true,"href":"https:\/\/translinkmaster.com\/index.php\/wp-json\/wp\/v2\/media\/2294"}],"wp:attachment":[{"href":"https:\/\/translinkmaster.com\/index.php\/wp-json\/wp\/v2\/media?parent=1522"}],"curies":[{"name":"wp","href":"https:\/\/api.w.org\/{rel}","templated":true}]}}